{"id":5608,"date":"2025-08-21T01:30:36","date_gmt":"2025-08-20T23:30:36","guid":{"rendered":"https:\/\/gpclimat-fribourg.ch\/dokumente-fotos-links\/medien\/"},"modified":"2026-04-19T23:22:22","modified_gmt":"2026-04-19T21:22:22","slug":"medien","status":"publish","type":"page","link":"https:\/\/gpclimat-fribourg.ch\/de\/dokumente-fotos-links\/medien\/","title":{"rendered":"Medien"},"content":{"rendered":"\t\t<div data-elementor-type=\"wp-page\" data-elementor-id=\"5608\" class=\"elementor elementor-5608 elementor-1276\" data-elementor-post-type=\"page\">\n\t\t\t\t<div class=\"elementor-element elementor-element-5db301b e-flex e-con-boxed e-con e-parent\" data-id=\"5db301b\" data-element_type=\"container\" data-e-type=\"container\">\n\t\t\t\t\t<div class=\"e-con-inner\">\n\t\t\t\t<div class=\"elementor-element elementor-element-989af20 elementor-widget__width-initial elementor-widget elementor-widget-heading\" data-id=\"989af20\" data-element_type=\"widget\" data-e-type=\"widget\" data-widget_type=\"heading.default\">\n\t\t\t\t<div class=\"elementor-widget-container\">\n\t\t\t\t\t<h1 class=\"elementor-heading-title elementor-size-default\">Medien<\/h1>\t\t\t\t<\/div>\n\t\t\t\t<\/div>\n\t\t\t\t<div class=\"elementor-element elementor-element-7d5be07 elementor-widget__width-initial elementor-widget elementor-widget-shortcode\" data-id=\"7d5be07\" data-element_type=\"widget\" data-e-type=\"widget\" data-widget_type=\"shortcode.default\">\n\t\t\t\t<div class=\"elementor-widget-container\">\n\t\t\t\t\t\t\t<div class=\"elementor-shortcode\"><nav aria-label=\"breadcrumbs\" class=\"rank-math-breadcrumb\"><p><span class=\"last\">Page d&#039;accueil<\/span><\/p><\/nav><\/div>\n\t\t\t\t\t\t<\/div>\n\t\t\t\t<\/div>\n\t\t\t\t\t<\/div>\n\t\t\t\t<\/div>\n\t\t<div class=\"elementor-element elementor-element-ec01808 e-flex e-con-boxed e-con e-parent\" data-id=\"ec01808\" data-element_type=\"container\" data-e-type=\"container\" data-settings=\"{&quot;background_background&quot;:&quot;classic&quot;}\">\n\t\t\t\t\t<div class=\"e-con-inner\">\n\t\t<div class=\"elementor-element elementor-element-afd5908 animated-fast e-con-full e-flex elementor-invisible e-con e-child\" data-id=\"afd5908\" data-element_type=\"container\" data-e-type=\"container\" data-settings=\"{&quot;animation&quot;:&quot;fadeIn&quot;,&quot;animation_delay&quot;:500}\">\n\t\t\t\t<div class=\"elementor-element elementor-element-5ceaf4a elementor-widget elementor-widget-text-editor\" data-id=\"5ceaf4a\" data-element_type=\"widget\" data-e-type=\"widget\" data-widget_type=\"text-editor.default\">\n\t\t\t\t<div class=\"elementor-widget-container\">\n\t\t\t\t\t\t\t\t\t<div class=\"elementor-element elementor-element-b11ace7 elementor-widget__width-inherit elementor-widget elementor-widget-heading\" data-id=\"b11ace7\" data-element_type=\"widget\" data-widget_type=\"heading.default\"><div class=\"elementor-widget-container\"><div class=\"elementor-widget-container\"><h2 class=\"elementor-heading-title elementor-size-default\">Presseartikel<\/h2><\/div><\/div><\/div><div class=\"elementor-element elementor-element-b736625 e-con-full e-flex e-con e-child\" data-id=\"b736625\" data-element_type=\"container\"><div class=\"elementor-element elementor-element-d692e8d elementor-widget elementor-widget-text-editor\" data-id=\"d692e8d\" data-element_type=\"widget\" data-widget_type=\"text-editor.default\"><div class=\"elementor-widget-container\"><ul><li><a href=\"https:\/\/www.laliberte.ch\/journal\/0a80fe90-5b94-4997-bc55-2933f88a7313\/2024-11-23\" target=\"_blank\" rel=\"noopener\">La Libert\u00e9 vom 23. November 2024 \u2013 Interview mit Laurent Th\u00e9voz und Dominique Rey<\/a> \u2013 <br><span class=\"group-hover:text-gray-800 dark:group-hover:text-gray-400 inline\">Die Grosseltern f\u00fcr das Klima fordern den Kanton Freiburg auf, mehr und schneller zu handeln.<br><\/span><span class=\"group-hover:text-gray-800 dark:group-hover:text-gray-400 inline\">\u201eEs liegt an uns, die Jugend zu \u00fcberzeugen\u201c<\/span><\/li><li><a href=\"https:\/\/freiburger-nachrichten.ch\/story\/202009\/die-kantonale-klimapolitik-braucht-einen-piloten\" target=\"_blank\" rel=\"noopener\">Freiburger Nachrichten vom 16. November 2024 \u2013 Interview mit Laurent Th\u00e9voz und Dominique Rey<\/a> \u2013 <br><span class=\"group-hover:text-gray-800 dark:group-hover:text-gray-400 inline\">Die kantonale Klimatpolitik braucht einen Piloten<\/span><\/li><\/ul><\/div><\/div><\/div><div class=\"elementor-element elementor-element-dc196cd e-con-full e-flex e-con e-child\" data-id=\"dc196cd\" data-element_type=\"container\"> <\/div>\t\t\t\t\t\t\t\t<\/div>\n\t\t\t\t<\/div>\n\t\t\t\t<div class=\"elementor-element elementor-element-9491b75 elementor-widget elementor-widget-text-editor\" data-id=\"9491b75\" data-element_type=\"widget\" data-e-type=\"widget\" data-widget_type=\"text-editor.default\">\n\t\t\t\t<div class=\"elementor-widget-container\">\n\t\t\t\t\t\t\t\t\t<div class=\"elementor-element elementor-element-b11ace7 elementor-widget__width-inherit elementor-widget elementor-widget-heading\" data-id=\"b11ace7\" data-element_type=\"widget\" data-widget_type=\"heading.default\"><div class=\"elementor-widget-container\"><h2 class=\"elementor-heading-title elementor-size-default\">Leserbriefe unserer Mitglieder in der Presse<\/h2><\/div><\/div><div class=\"elementor-element elementor-element-dc196cd e-con-full e-flex e-con e-child\" data-id=\"dc196cd\" data-element_type=\"container\"><div class=\"elementor-element elementor-element-8af71a0 elementor-widget elementor-widget-text-editor\" data-id=\"8af71a0\" data-element_type=\"widget\" data-widget_type=\"text-editor.default\"><div class=\"elementor-widget-container\"><ul><li>8. April 2026 \u2013 Wer bewahrt die Zukunft besser? \u2013 <a href=\"https:\/\/gpclimat-fribourg.ch\/wp-content\/uploads\/2026\/04\/2026_04_08-LThevoz.png\" target=\"_blank\" rel=\"noopener\">Leserbrief von Laurent Th\u00e9voz<\/a> <\/li><li>26. M\u00e4rz 2026 \u2013 F\u00fcr die Energieunabh\u00e4ngigkeit \u2013 <a href=\"https:\/\/gpclimat-fribourg.ch\/wp-content\/uploads\/2026\/03\/2026_03_26-JMBoerlin.png\" target=\"_blank\" rel=\"noopener\">Leserbrief von Jean-Marc Boerlin<\/a><\/li><li>27. Februar 2026 \u2013 Die Dinge richtigstellen (Ja zum Klimafonds) \u2013<a href=\"https:\/\/gpclimat-fribourg.ch\/wp-content\/uploads\/2026\/03\/2026_02_27-LThevoz.png\" target=\"_blank\" rel=\"noopener\"> Leserbrief von Laurent Th\u00e9voz<\/a><\/li><li>6. Februar 2026 \u2013 Sich widersetzen und nichts vorschlagen &#8230; (Ja zum Klimafonds) \u2013 <a href=\"https:\/\/gpclimat-fribourg.ch\/wp-content\/uploads\/2026\/03\/2026_02_06-BRueger.png\" target=\"_blank\" rel=\"noopener\">Leserbrief von Bruno R\u00fceger<\/a><\/li><li>5. Dezember 2025 \u2013 Wenn weniger mehr ist \u2026 auch in Villars-sur-Gl\u00e2ne \u2013 <a href=\"https:\/\/gpclimat-fribourg.ch\/wp-content\/uploads\/2025\/12\/2025_12_05-DRey.jpg\" target=\"_blank\" rel=\"noopener\">Leserbrief von Dominique Rey<\/a><\/li><li class=\"heading-1-3xl\"><span class=\"group-hover:text-gray-800 dark:group-hover:text-gray-400 inline\">13. Oktober 2025 \u2013 So f\u00f6rdern wir die Biodiversit\u00e4t in der Stadt \u2013 <a href=\"https:\/\/www.laliberte.ch\/articles\/opinions\/courrier-des-lecteurs\/voici-comment-promouvoir-la-biodiversite-dans-la-ville-1214838\" target=\"_blank\" rel=\"noopener\">Leserbrief von Adrian Etter<\/a><\/span><\/li><li>26. Juli 2025 \u2013 Allgegenwart des Steins \u2013 <a href=\"https:\/\/gpclimat-fribourg.ch\/wp-content\/uploads\/2025\/12\/2025_07_26-DRey.jpg\" target=\"_blank\" rel=\"noopener\">Leserbrief von Dominique Rey<\/a><\/li><li>21. Mai 2025 \u2013 <span class=\"dark:text-gray-200 transition-colors group-hover:text-gray-800 dark:group-hover:text-gray-400\">Misstrauen gegen\u00fcber einer Kampagne, die den Staat angreift <\/span><em><span class=\"dark:text-gray-200 transition-colors group-hover:text-gray-800 dark:group-hover:text-gray-400\">\u2013<\/span><\/em> <a href=\"https:\/\/gpclimat-fribourg.ch\/wp-content\/uploads\/2025\/12\/2025_05_21-LettreAlineGisele.gif\" target=\"_blank\" rel=\"noopener\">Leserbrief von Aline Demierre und Gis\u00e8le Cotting<\/a> bez\u00fcglich der <a href=\"https:\/\/pas-un-bebe.ch\/\" target=\"_blank\" rel=\"noopener\">Kampagne \u201eKein Baby\u201c<\/a>.<\/li><li>14. Mai 2025 \u2013 <span class=\"group-hover:text-gray-800 dark:group-hover:text-gray-400 inline\">Wenn die Digitalisierung der Gesellschaft so viele Ressourcen verschwendet<\/span> \u2013 <a href=\"https:\/\/gpclimat-fribourg.ch\/wp-content\/uploads\/2025\/12\/2025_05_14-Aurelie.jpg\" target=\"_blank\" rel=\"noopener\">Leserbrief von Aur\u00e9lie Klingshirn<\/a> bez\u00fcglich der digitalen Bildschirme am TPF-Busbahnhof.<\/li><li>10. Mai 2025 \u2013 Globale Erw\u00e4rmung: Lasst uns aus dem Schlaf wandeln! \u2013 <a href=\"https:\/\/gpclimat-fribourg.ch\/wp-content\/uploads\/2025\/12\/2025_05_10-JacquesM.jpg\" target=\"_blank\" rel=\"noopener\">Leserbrief von Jacques Mader<\/a> bez\u00fcglich des Projekts 89% <\/li><li>22. Januar 2025 \u2013 Dies ist die Gelegenheit, einen egoistischen Fatalismus zu bek\u00e4mpfen \u2013 <a href=\"https:\/\/gpclimat-fribourg.ch\/wp-content\/uploads\/2025\/12\/2025_01_22-DominiqueR.jpg\" target=\"_blank\" rel=\"noopener\">Leserbrief von Dominique Rey<\/a><\/li><li>18. September 2024 \u2013 F\u00fcr zuk\u00fcnftige Generationen \u2013 <a href=\"https:\/\/gpclimat-fribourg.ch\/wp-content\/uploads\/2025\/12\/2024_09_18-JacquesE.jpg\" target=\"_blank\" rel=\"noopener\">Leserbrief von Jacques Eschmann<\/a> bez\u00fcglich der Biodiversit\u00e4tsinitiative, die am 22. September 2024 zur Abstimmung kommt.<\/li><li>22. Mai 2024 \u2013 Eine hippokratische Medizin \u2013 <a href=\"https:\/\/gpclimat-fribourg.ch\/wp-content\/uploads\/2025\/12\/2025_12_05-DRey.jpg\" target=\"_blank\" rel=\"noopener\">Leserbrief von Dominique Rey<\/a><\/li><li>16. April 2024 \u2013 Es ist an unseren Politikern, L\u00f6sungen vorzuschlagen \u2013 <a href=\"https:\/\/gpclimat-fribourg.ch\/wp-content\/uploads\/2025\/12\/2024_04_16-Cristina.jpg\" target=\"_blank\" rel=\"noopener\">Leserbrief von Cristina Tattarletti<\/a> bez\u00fcglich der Verurteilung der Schweiz durch den Europ\u00e4ischen Gerichtshof f\u00fcr Menschenrechte<\/li><li>6. Juni 2023 \u2013 Die wahren Kriminellen \u2013 <a href=\"https:\/\/gpclimat-fribourg.ch\/wp-content\/uploads\/2025\/12\/2023_06_06-JEschmann.pdf\" target=\"_blank\" rel=\"noopener\">Leserbrief von Jacques Eschmann<\/a><\/li><li>30. M\u00e4rz 2023 \u2013 Eine historische Unwahrheit \u2013 <a href=\"https:\/\/gpclimat-fribourg.ch\/wp-content\/uploads\/2025\/12\/2023_03_30-JEschmann.pdf\" target=\"_blank\" rel=\"noopener\">Leserbrief von Jacques Eschmann<\/a><\/li><li>3. Dezember 2022 \u2013 Es ist Sache der Stadt, die Regeln festzulegen! Im Voraus \u2013 <a href=\"https:\/\/gpclimat-fribourg.ch\/wp-content\/uploads\/2025\/12\/2022_12_03-JEschmann.pdf\" target=\"_blank\" rel=\"noopener\">Leserbrief von Jacques Eschmann<\/a> <\/li><li>Oktober 2022 \u2013 Zweierlei Mass \u2013 <a href=\"https:\/\/gpclimat-fribourg.ch\/wp-content\/uploads\/2025\/12\/2022_10-JEschmann.pdf\" target=\"_blank\" rel=\"noopener\">Leserbrief von Jacques Eschmann<\/a><\/li><li>3. September 2021 \u2013 Die beste Antwort auf den Klimanotstand \u2013 Leserbrief von Jacques Eschmann<\/li><li>7. Januar 2021 \u2013 Hundert Millionen f\u00fcr eine Strasse: Eine Ausgabe gegen den gesunden Menschenverstand \u2013 <a href=\"https:\/\/gpclimat-fribourg.ch\/wp-content\/uploads\/2025\/12\/2021_01_07-JacquesE.jpg\" target=\"_blank\" rel=\"noopener\">Leserbrief von Jacques Eschmann<\/a> \u00fcber die Strasse zwischen Marly und Matran<\/li><li>7. Januar 2021 \u2013 Das M\u00e4rchen vom Auto und dem Fahrrad \u2013 <a href=\"https:\/\/gpclimat-fribourg.ch\/wp-content\/uploads\/2025\/12\/2021_01_07-Cristina.jpg\" target=\"_blank\" rel=\"noopener\">Leserbrief von Cristina Tattarletti<\/a><\/li><li>9. Juni 2020 \u2013 Welcher Aufschwung? Welche N\u00e4he? \u2013 <a href=\"https:\/\/gpclimat-fribourg.ch\/wp-content\/uploads\/2025\/12\/2020_06_09-PStulz.pdf\" target=\"_blank\" rel=\"noopener\">Leserbrief von Paul Stulz<\/a>  <\/li><\/ul><\/div><\/div><\/div><div class=\"elementor-element elementor-element-1d7bcd3 e-con-full e-flex e-con e-child\" data-id=\"1d7bcd3\" data-element_type=\"container\"><div class=\"elementor-element elementor-element-15675cc elementor-widget elementor-widget-text-editor\" data-id=\"15675cc\" data-element_type=\"widget\" data-widget_type=\"text-editor.default\"><div class=\"elementor-widget-container\"> <\/div><\/div><\/div>\t\t\t\t\t\t\t\t<\/div>\n\t\t\t\t<\/div>\n\t\t\t\t<div class=\"elementor-element elementor-element-c86253e elementor-widget elementor-widget-text-editor\" data-id=\"c86253e\" data-element_type=\"widget\" data-e-type=\"widget\" data-widget_type=\"text-editor.default\">\n\t\t\t\t<div class=\"elementor-widget-container\">\n\t\t\t\t\t\t\t\t\t<div class=\"elementor-element elementor-element-b11ace7 elementor-widget__width-inherit elementor-widget elementor-widget-heading\" data-id=\"b11ace7\" data-element_type=\"widget\" data-widget_type=\"heading.default\"> <div class=\"elementor-widget-container\"><h2 class=\"elementor-heading-title elementor-size-default\">Leserbriefe anderer Leser in der Presse<\/h2><\/div><\/div><div class=\"elementor-element elementor-element-1d7bcd3 e-con-full e-flex e-con e-child\" data-id=\"1d7bcd3\" data-element_type=\"container\"><div class=\"elementor-element elementor-element-15675cc elementor-widget elementor-widget-text-editor\" data-id=\"15675cc\" data-element_type=\"widget\" data-widget_type=\"text-editor.default\"><div class=\"elementor-widget-container\"><ul><li class=\"heading-1-3xl\"><span class=\"group-hover:text-gray-800 dark:group-hover:text-gray-400 inline\">11. Mai 2024 \u2013 Klima: Die einzige L\u00f6sung ist Gen\u00fcgsamkeit \u2013 <a href=\"https:\/\/gpclimat-fribourg.ch\/wp-content\/uploads\/2025\/12\/2024_05_11-RPilloud.jpg\" target=\"_blank\" rel=\"noopener\">Leserbrief von Romain Pilloud<\/a><\/span><\/li><\/ul><\/div><\/div><\/div>\t\t\t\t\t\t\t\t<\/div>\n\t\t\t\t<\/div>\n\t\t\t\t<\/div>\n\t\t\t\t\t<\/div>\n\t\t\t\t<\/div>\n\t\t\t\t<\/div>\n\t\t","protected":false},"excerpt":{"rendered":"<p>Medien Presseartikel La Libert\u00e9 vom 23. November 2024 \u2013 Interview mit Laurent Th\u00e9voz und Dominique Rey \u2013 Die Grosseltern f\u00fcr das Klima fordern den Kanton Freiburg auf, mehr und schneller [&hellip;]<\/p>\n","protected":false},"author":1,"featured_media":0,"parent":5340,"menu_order":0,"comment_status":"closed","ping_status":"closed","template":"","meta":{"_acf_changed":false,"footnotes":""},"class_list":["post-5608","page","type-page","status-publish","hentry"],"acf":[],"_links":{"self":[{"href":"https:\/\/gpclimat-fribourg.ch\/de\/wp-json\/wp\/v2\/pages\/5608","targetHints":{"allow":["GET"]}}],"collection":[{"href":"https:\/\/gpclimat-fribourg.ch\/de\/wp-json\/wp\/v2\/pages"}],"about":[{"href":"https:\/\/gpclimat-fribourg.ch\/de\/wp-json\/wp\/v2\/types\/page"}],"author":[{"embeddable":true,"href":"https:\/\/gpclimat-fribourg.ch\/de\/wp-json\/wp\/v2\/users\/1"}],"replies":[{"embeddable":true,"href":"https:\/\/gpclimat-fribourg.ch\/de\/wp-json\/wp\/v2\/comments?post=5608"}],"version-history":[{"count":1,"href":"https:\/\/gpclimat-fribourg.ch\/de\/wp-json\/wp\/v2\/pages\/5608\/revisions"}],"predecessor-version":[{"id":5609,"href":"https:\/\/gpclimat-fribourg.ch\/de\/wp-json\/wp\/v2\/pages\/5608\/revisions\/5609"}],"up":[{"embeddable":true,"href":"https:\/\/gpclimat-fribourg.ch\/de\/wp-json\/wp\/v2\/pages\/5340"}],"wp:attachment":[{"href":"https:\/\/gpclimat-fribourg.ch\/de\/wp-json\/wp\/v2\/media?parent=5608"}],"curies":[{"name":"wp","href":"https:\/\/api.w.org\/{rel}","templated":true}]}}