{"id":5595,"date":"2025-08-20T14:57:31","date_gmt":"2025-08-20T12:57:31","guid":{"rendered":"https:\/\/gpclimat-fribourg.ch\/engagements\/bildung\/"},"modified":"2026-04-19T23:22:05","modified_gmt":"2026-04-19T21:22:05","slug":"bildung","status":"publish","type":"page","link":"https:\/\/gpclimat-fribourg.ch\/de\/engagements\/bildung\/","title":{"rendered":"Bildung"},"content":{"rendered":"\t\t<div data-elementor-type=\"wp-page\" data-elementor-id=\"5595\" class=\"elementor elementor-5595 elementor-1054\" data-elementor-post-type=\"page\">\n\t\t\t\t<div class=\"elementor-element elementor-element-d840700 e-flex e-con-boxed e-con e-parent\" data-id=\"d840700\" data-element_type=\"container\" data-e-type=\"container\">\n\t\t\t\t\t<div class=\"e-con-inner\">\n\t\t<div class=\"elementor-element elementor-element-359947d e-con-full e-flex e-con e-child\" data-id=\"359947d\" data-element_type=\"container\" data-e-type=\"container\">\n\t\t<div class=\"elementor-element elementor-element-68ef44b e-con-full e-flex elementor-invisible e-con e-child\" data-id=\"68ef44b\" data-element_type=\"container\" data-e-type=\"container\" data-settings=\"{&quot;background_background&quot;:&quot;classic&quot;,&quot;animation&quot;:&quot;fadeIn&quot;}\">\n\t\t\t\t<div class=\"elementor-element elementor-element-5b3cba8 elementor-widget__width-initial elementor-widget elementor-widget-text-editor\" data-id=\"5b3cba8\" data-element_type=\"widget\" data-e-type=\"widget\" data-widget_type=\"text-editor.default\">\n\t\t\t\t<div class=\"elementor-widget-container\">\n\t\t\t\t\t\t\t\t\t<h5>Das gemeinsame Nachdenken \u00fcber die aktuellen klimatischen Realit\u00e4ten, die Menschen und Umwelt betreffen, f\u00fchrt dazu, dass Gro\u00dfeltern mit Kindern und Jugendlichen (Sch\u00fclerinnen und Sch\u00fclern) ihre Erfahrungen, Kenntnisse und Standpunkte austauschen, um sich gegenseitig zum Handeln zu ermutigen.<\/h5>\t\t\t\t\t\t\t\t<\/div>\n\t\t\t\t<\/div>\n\t\t\t\t<\/div>\n\t\t\t\t<\/div>\n\t\t<div class=\"elementor-element elementor-element-05d207b e-con-full e-flex e-con e-child\" data-id=\"05d207b\" data-element_type=\"container\" data-e-type=\"container\">\n\t\t\t\t<div class=\"elementor-element elementor-element-23027cf elementor-widget__width-inherit elementor-widget elementor-widget-shortcode\" data-id=\"23027cf\" data-element_type=\"widget\" data-e-type=\"widget\" data-widget_type=\"shortcode.default\">\n\t\t\t\t<div class=\"elementor-widget-container\">\n\t\t\t\t\t\t\t<div class=\"elementor-shortcode\"><nav aria-label=\"breadcrumbs\" class=\"rank-math-breadcrumb\"><p><span class=\"last\">Page d&#039;accueil<\/span><\/p><\/nav><\/div>\n\t\t\t\t\t\t<\/div>\n\t\t\t\t<\/div>\n\t\t\t\t<div class=\"elementor-element elementor-element-7749a6e elementor-widget__width-inherit elementor-widget elementor-widget-heading\" data-id=\"7749a6e\" data-element_type=\"widget\" data-e-type=\"widget\" data-widget_type=\"heading.default\">\n\t\t\t\t<div class=\"elementor-widget-container\">\n\t\t\t\t\t<h1 class=\"elementor-heading-title elementor-size-default\">Bildung<\/h1>\t\t\t\t<\/div>\n\t\t\t\t<\/div>\n\t\t\t\t<div class=\"elementor-element elementor-element-c457580 elementor-widget__width-initial elementor-widget elementor-widget-text-editor\" data-id=\"c457580\" data-element_type=\"widget\" data-e-type=\"widget\" data-widget_type=\"text-editor.default\">\n\t\t\t\t<div class=\"elementor-widget-container\">\n\t\t\t\t\t\t\t\t\t<p><b>Die Gruppe Bildung<\/b> besteht aus Gro\u00dfeltern, die Workshops entwickeln, indem sie mit Lehrkr\u00e4ften zusammenarbeiten \u2013 entweder indem sie sich an die Anfragen der Schulen anpassen oder indem sie Aktivit\u00e4ten vorschlagen.<\/p><p>Unser Ziel ist die generationen\u00fcbergreifende Begegnung. <\/p><p>Interessierte Personen sind herzlich willkommen.<\/p>\t\t\t\t\t\t\t\t<\/div>\n\t\t\t\t<\/div>\n\t\t\t\t<\/div>\n\t\t\t\t\t<\/div>\n\t\t\t\t<\/div>\n\t\t<div class=\"elementor-element elementor-element-8cd6562 e-grid e-con-boxed e-con e-parent\" data-id=\"8cd6562\" data-element_type=\"container\" data-e-type=\"container\">\n\t\t\t\t\t<div class=\"e-con-inner\">\n\t\t\t\t<div class=\"elementor-element elementor-element-91c7970 elementor-widget elementor-widget-image\" data-id=\"91c7970\" data-element_type=\"widget\" data-e-type=\"widget\" data-widget_type=\"image.default\">\n\t\t\t\t<div class=\"elementor-widget-container\">\n\t\t\t\t\t\t\t\t\t\t\t\t\t\t\t<img fetchpriority=\"high\" decoding=\"async\" width=\"800\" height=\"533\" src=\"https:\/\/gpclimat-fribourg.ch\/wp-content\/uploads\/2026\/01\/Globe-1024x682.jpg\" class=\"attachment-large size-large wp-image-5599\" alt=\"\" srcset=\"https:\/\/gpclimat-fribourg.ch\/wp-content\/uploads\/2026\/01\/Globe-1024x682.jpg 1024w, https:\/\/gpclimat-fribourg.ch\/wp-content\/uploads\/2026\/01\/Globe-300x200.jpg 300w, https:\/\/gpclimat-fribourg.ch\/wp-content\/uploads\/2026\/01\/Globe-768x512.jpg 768w, https:\/\/gpclimat-fribourg.ch\/wp-content\/uploads\/2026\/01\/Globe-1536x1024.jpg 1536w, https:\/\/gpclimat-fribourg.ch\/wp-content\/uploads\/2026\/01\/Globe.jpg 2000w\" sizes=\"(max-width: 800px) 100vw, 800px\" \/>\t\t\t\t\t\t\t\t\t\t\t\t\t\t\t<\/div>\n\t\t\t\t<\/div>\n\t\t\t\t<div class=\"elementor-element elementor-element-cfeb7ba elementor-widget elementor-widget-image\" data-id=\"cfeb7ba\" data-element_type=\"widget\" data-e-type=\"widget\" data-widget_type=\"image.default\">\n\t\t\t\t<div class=\"elementor-widget-container\">\n\t\t\t\t\t\t\t\t\t\t\t\t\t\t\t<img decoding=\"async\" width=\"800\" height=\"600\" src=\"https:\/\/gpclimat-fribourg.ch\/wp-content\/uploads\/2026\/02\/CeuxQuiAimentJUVE24-1024x768.jpeg\" class=\"attachment-large size-large wp-image-5601\" alt=\"\" srcset=\"https:\/\/gpclimat-fribourg.ch\/wp-content\/uploads\/2026\/02\/CeuxQuiAimentJUVE24-1024x768.jpeg 1024w, https:\/\/gpclimat-fribourg.ch\/wp-content\/uploads\/2026\/02\/CeuxQuiAimentJUVE24-300x225.jpeg 300w, https:\/\/gpclimat-fribourg.ch\/wp-content\/uploads\/2026\/02\/CeuxQuiAimentJUVE24-768x576.jpeg 768w, https:\/\/gpclimat-fribourg.ch\/wp-content\/uploads\/2026\/02\/CeuxQuiAimentJUVE24-1536x1152.jpeg 1536w, https:\/\/gpclimat-fribourg.ch\/wp-content\/uploads\/2026\/02\/CeuxQuiAimentJUVE24.jpeg 2000w\" sizes=\"(max-width: 800px) 100vw, 800px\" \/>\t\t\t\t\t\t\t\t\t\t\t\t\t\t\t<\/div>\n\t\t\t\t<\/div>\n\t\t\t\t\t<\/div>\n\t\t\t\t<\/div>\n\t\t<div class=\"elementor-element elementor-element-b6bdac8 e-flex e-con-boxed e-con e-parent\" data-id=\"b6bdac8\" data-element_type=\"container\" data-e-type=\"container\">\n\t\t\t\t\t<div class=\"e-con-inner\">\n\t\t\t\t<div class=\"elementor-element elementor-element-7c30dc7 elementor-widget__width-inherit elementor-widget elementor-widget-heading\" data-id=\"7c30dc7\" data-element_type=\"widget\" data-e-type=\"widget\" data-widget_type=\"heading.default\">\n\t\t\t\t<div class=\"elementor-widget-container\">\n\t\t\t\t\t<h2 class=\"elementor-heading-title elementor-size-default\">Aktionen<\/h2>\t\t\t\t<\/div>\n\t\t\t\t<\/div>\n\t\t\t\t\t<\/div>\n\t\t\t\t<\/div>\n\t\t<div class=\"elementor-element elementor-element-07ea16a e-flex e-con-boxed e-con e-parent\" data-id=\"07ea16a\" data-element_type=\"container\" data-e-type=\"container\">\n\t\t\t\t\t<div class=\"e-con-inner\">\n\t\t<div class=\"elementor-element elementor-element-c7c7be1 e-con-full e-flex e-con e-child\" data-id=\"c7c7be1\" data-element_type=\"container\" data-e-type=\"container\">\n\t\t\t\t<div class=\"elementor-element elementor-element-f980980 elementor-widget elementor-widget-heading\" data-id=\"f980980\" data-element_type=\"widget\" data-e-type=\"widget\" data-widget_type=\"heading.default\">\n\t\t\t\t<div class=\"elementor-widget-container\">\n\t\t\t\t\t<h2 class=\"elementor-heading-title elementor-size-default\">Workshops in Schulen \u201eAgir pour le climat\u201c<\/h2>\t\t\t\t<\/div>\n\t\t\t\t<\/div>\n\t\t\t\t<div class=\"elementor-element elementor-element-7d62594 elementor-widget elementor-widget-text-editor\" data-id=\"7d62594\" data-element_type=\"widget\" data-e-type=\"widget\" data-widget_type=\"text-editor.default\">\n\t\t\t\t<div class=\"elementor-widget-container\">\n\t\t\t\t\t\t\t\t\t<p>Sie werden von der Gruppe Bildung in Schulen des Kantons geleitet und\/oder mitgeleitet, um deren Anfragen zu entsprechen, in Verbindung oder unabh\u00e4ngig von der <a href=\"http:\/\/semaineduclimat.ch\" target=\"_blank\" rel=\"noopener\">Klimawoche<\/a>, die von den Schulen organisiert wird.<\/p>\t\t\t\t\t\t\t\t<\/div>\n\t\t\t\t<\/div>\n\t\t\t\t<div class=\"elementor-element elementor-element-1dea641 elementor-widget elementor-widget-text-editor\" data-id=\"1dea641\" data-element_type=\"widget\" data-e-type=\"widget\" data-widget_type=\"text-editor.default\">\n\t\t\t\t<div class=\"elementor-widget-container\">\n\t\t\t\t\t\t\t\t\t<p><strong>Ziele:<\/strong><\/p><p>Gemeinsam lernen, warum und wie wir dazu beitragen k\u00f6nnen, den CO\u2082-Fu\u00dfabdruck unserer Lebensweise zu verringern<\/p><p>Konkrete, innovative individuelle und kollektive Ma\u00dfnahmen in verschiedenen Bereichen identifizieren: Kleidung, Mobilit\u00e4t, Ern\u00e4hrung, Freizeit, Wohnen, Raumplanung usw.<\/p><p>Die Mitglieder der Gruppe systematisieren ihre Erfahrungen und entwickeln Bildungsmaterialien f\u00fcr Workshops mit Klassen der Primarschulen, Orientierungsschulen und Gymnasien. <\/p><p>Weitere Informationen finden Sie auf der Seite <a href=\"https:\/\/gpclimat-fribourg.ch\/engagements\/participation\/catalogue\/agir-pour-le-climat\/\">\u201eAgir pour le climat\u201c des KATALOGS<\/a>.<\/p><p>Sie k\u00f6nnen auch die Details des <a href=\"https:\/\/gpclimat-fribourg.ch\/wp-content\/uploads\/2026\/01\/2025-FICHE-anima_CO-Belluard-CA.pdf\" target=\"_blank\" rel=\"noopener\">Workshops an der OS Belluard am 13. Mai 2025<\/a> einsehen. <\/p>\t\t\t\t\t\t\t\t<\/div>\n\t\t\t\t<\/div>\n\t\t\t\t<\/div>\n\t\t<div class=\"elementor-element elementor-element-7a3a623 e-con-full e-flex e-con e-child\" data-id=\"7a3a623\" data-element_type=\"container\" data-e-type=\"container\">\n\t\t\t\t<div class=\"elementor-element elementor-element-976391d elementor-widget elementor-widget-image\" data-id=\"976391d\" data-element_type=\"widget\" data-e-type=\"widget\" data-widget_type=\"image.default\">\n\t\t\t\t<div class=\"elementor-widget-container\">\n\t\t\t\t\t\t\t\t\t\t\t\t\t\t\t<img decoding=\"async\" src=\"https:\/\/gpclimat-fribourg.ch\/wp-content\/uploads\/elementor\/thumbs\/SemaineClimat2026-rid31q4yd9esmu8ecpwxksxook1avb4alqvzwdcrk6.jpg\" title=\"SemaineClimat2026\" alt=\"SemaineClimat2026\" loading=\"lazy\" \/>\t\t\t\t\t\t\t\t\t\t\t\t\t\t\t<\/div>\n\t\t\t\t<\/div>\n\t\t\t\t<\/div>\n\t\t\t\t\t<\/div>\n\t\t\t\t<\/div>\n\t\t<div class=\"elementor-element elementor-element-d23255b e-grid e-con-boxed e-con e-parent\" data-id=\"d23255b\" data-element_type=\"container\" data-e-type=\"container\">\n\t\t\t\t\t<div class=\"e-con-inner\">\n\t\t<div class=\"elementor-element elementor-element-67c8131 e-con-full e-flex e-con e-child\" data-id=\"67c8131\" data-element_type=\"container\" data-e-type=\"container\">\n\t\t\t\t<div class=\"elementor-element elementor-element-fa94bdf elementor-widget__width-initial elementor-widget elementor-widget-image\" data-id=\"fa94bdf\" data-element_type=\"widget\" data-e-type=\"widget\" data-widget_type=\"image.default\">\n\t\t\t\t<div class=\"elementor-widget-container\">\n\t\t\t\t\t\t\t\t\t\t\t\t\t\t\t<img decoding=\"async\" width=\"768\" height=\"1024\" src=\"https:\/\/gpclimat-fribourg.ch\/wp-content\/uploads\/2026\/02\/Foret_wifi-768x1024.jpg\" class=\"attachment-large size-large wp-image-5600\" alt=\"\" srcset=\"https:\/\/gpclimat-fribourg.ch\/wp-content\/uploads\/2026\/02\/Foret_wifi-768x1024.jpg 768w, https:\/\/gpclimat-fribourg.ch\/wp-content\/uploads\/2026\/02\/Foret_wifi-225x300.jpg 225w, https:\/\/gpclimat-fribourg.ch\/wp-content\/uploads\/2026\/02\/Foret_wifi-1152x1536.jpg 1152w, https:\/\/gpclimat-fribourg.ch\/wp-content\/uploads\/2026\/02\/Foret_wifi.jpg 1500w\" sizes=\"(max-width: 768px) 100vw, 768px\" \/>\t\t\t\t\t\t\t\t\t\t\t\t\t\t\t<\/div>\n\t\t\t\t<\/div>\n\t\t\t\t<\/div>\n\t\t<div class=\"elementor-element elementor-element-af86dc0 e-con-full e-flex e-con e-child\" data-id=\"af86dc0\" data-element_type=\"container\" data-e-type=\"container\">\n\t\t\t\t<div class=\"elementor-element elementor-element-8b60725 elementor-widget elementor-widget-heading\" data-id=\"8b60725\" data-element_type=\"widget\" data-e-type=\"widget\" data-widget_type=\"heading.default\">\n\t\t\t\t<div class=\"elementor-widget-container\">\n\t\t\t\t\t<h2 class=\"elementor-heading-title elementor-size-default\">RUNE Freiburg \u201eR\u00e9fl\u00e9chissons \u00e0 l'Usage du Num\u00e9rique et des Ecrans\u201c<\/h2>\t\t\t\t<\/div>\n\t\t\t\t<\/div>\n\t\t\t\t<div class=\"elementor-element elementor-element-dfdaaf1 elementor-widget elementor-widget-text-editor\" data-id=\"dfdaaf1\" data-element_type=\"widget\" data-e-type=\"widget\" data-widget_type=\"text-editor.default\">\n\t\t\t\t<div class=\"elementor-widget-container\">\n\t\t\t\t\t\t\t\t\t<p>Die Gro\u00dfeltern beteiligen sich an dieser Reflexion, die 2022 begonnen hat<\/p><p>im Rahmen der Kampagne f\u00fcr <strong>Digitale Suffizienz in der Schule (SNE)<\/strong><\/p><p>Um mehr zu erfahren, besuchen Sie die neue Website von <a href=\"https:\/\/www.rune-fribourg.ch\/\" target=\"_blank\" rel=\"noopener\">RUNE Freiburg<\/a><\/p>\t\t\t\t\t\t\t\t<\/div>\n\t\t\t\t<\/div>\n\t\t\t\t<\/div>\n\t\t\t\t\t<\/div>\n\t\t\t\t<\/div>\n\t\t<div class=\"elementor-element elementor-element-7779ed6 e-flex e-con-boxed e-con e-parent\" data-id=\"7779ed6\" data-element_type=\"container\" data-e-type=\"container\">\n\t\t\t\t\t<div class=\"e-con-inner\">\n\t\t\t\t<div class=\"elementor-element elementor-element-88e9c56 elementor-widget__width-inherit elementor-widget elementor-widget-heading\" data-id=\"88e9c56\" data-element_type=\"widget\" data-e-type=\"widget\" data-widget_type=\"heading.default\">\n\t\t\t\t<div class=\"elementor-widget-container\">\n\t\t\t\t\t<h2 class=\"elementor-heading-title elementor-size-default\">Fr\u00fchere Aktionen<\/h2>\t\t\t\t<\/div>\n\t\t\t\t<\/div>\n\t\t\t\t\t<\/div>\n\t\t\t\t<\/div>\n\t\t<div class=\"elementor-element elementor-element-ec53595 e-flex e-con-boxed e-con e-parent\" data-id=\"ec53595\" data-element_type=\"container\" data-e-type=\"container\">\n\t\t\t\t\t<div class=\"e-con-inner\">\n\t\t<div class=\"elementor-element elementor-element-8325e22 e-con-full e-flex e-con e-child\" data-id=\"8325e22\" data-element_type=\"container\" data-e-type=\"container\">\n\t\t\t\t<div class=\"elementor-element elementor-element-2b155ef elementor-widget elementor-widget-image\" data-id=\"2b155ef\" data-element_type=\"widget\" data-e-type=\"widget\" data-widget_type=\"image.default\">\n\t\t\t\t<div class=\"elementor-widget-container\">\n\t\t\t\t\t\t\t\t\t\t\t\t\t\t\t<img loading=\"lazy\" decoding=\"async\" width=\"256\" height=\"432\" src=\"https:\/\/gpclimat-fribourg.ch\/wp-content\/uploads\/2025\/10\/education1234.png\" class=\"attachment-full size-full wp-image-5598\" alt=\"\" srcset=\"https:\/\/gpclimat-fribourg.ch\/wp-content\/uploads\/2025\/10\/education1234.png 256w, https:\/\/gpclimat-fribourg.ch\/wp-content\/uploads\/2025\/10\/education1234-178x300.png 178w\" sizes=\"(max-width: 256px) 100vw, 256px\" \/>\t\t\t\t\t\t\t\t\t\t\t\t\t\t\t<\/div>\n\t\t\t\t<\/div>\n\t\t\t\t<\/div>\n\t\t<div class=\"elementor-element elementor-element-4715fa1 e-con-full e-flex e-con e-child\" data-id=\"4715fa1\" data-element_type=\"container\" data-e-type=\"container\">\n\t\t\t\t<div class=\"elementor-element elementor-element-74133bc elementor-widget elementor-widget-heading\" data-id=\"74133bc\" data-element_type=\"widget\" data-e-type=\"widget\" data-widget_type=\"heading.default\">\n\t\t\t\t<div class=\"elementor-widget-container\">\n\t\t\t\t\t<h2 class=\"elementor-heading-title elementor-size-default\">\nDie Kampagne f\u00fcr digitale Suffizienz in der Schule (SNE)\n<\/h2>\t\t\t\t<\/div>\n\t\t\t\t<\/div>\n\t\t\t\t<div class=\"elementor-element elementor-element-d36cfaf elementor-widget elementor-widget-text-editor\" data-id=\"d36cfaf\" data-element_type=\"widget\" data-e-type=\"widget\" data-widget_type=\"text-editor.default\">\n\t\t\t\t<div class=\"elementor-widget-container\">\n\t\t\t\t\t\t\t\t\t<p>Das Kollektiv CSNE f\u00fchrte zwischen 2022 und 2025 Aktionen durch, um die digitale Suffizienz in den Schulen des Kantons zu f\u00f6rdern. Diese f\u00fchrten dazu, dass das Kollektiv Kontakte zu Abgeordneten, der kantonalen Kommission, dem Elternverband, Gesundheitsfachleuten des Kantons, der <em>Revue Durable<\/em> und<em> den<\/em> Medien aufnahm.  <\/p><p>Das CSNE forderte die Abgeordneten auf, das Projekt ENEO abzulehnen und stattdessen eine suffizientere Option zu bevorzugen.<br>In diesem Sinne verteidigte das Kollektiv folgende Positionen: JA zur digitalen Bildung, die notwendig ist, und NEIN zu ENEO, das als kontraproduktiv und gef\u00e4hrlich eingestuft wird. <\/p><p>Um <strong>JA zu vern\u00fcnftigeren und deutlich kosteng\u00fcnstigeren Alternativen<\/strong> zu sagen, die \u00fcber eine <strong>gemeinsame Nutzung von Ger\u00e4ten<\/strong> f\u00fchren, sei es in Computerr\u00e4umen oder mit Computer-Wagen. Diese Alternativen sollten der Ausgangspunkt f\u00fcr eine neue, entspanntere Diskussion \u00fcber die <strong>digitale Bildung<\/strong> sein, bei der Sch\u00fclerinnen und Sch\u00fcler, Eltern und Lehrkr\u00e4fte gemeinsam \u00fcber die Frage nachdenken. <\/p><p>Beispiele f\u00fcr Aktivit\u00e4ten des Kollektivs: <\/p><ul><li>2024: \u00f6ffentliche Konferenz in Freiburg mit der franz\u00f6sischen Neurologin Servan Mouton<br>(siehe Artikel in <em>La Libert\u00e9<\/em> vom 13.03.24).<\/li><li>2025: Podiumsdiskussion in Bulle mit Abgeordneten, einer Kinderpsychiaterin und Lehrkr\u00e4ften.<\/li><li>Demonstrationen vor dem Gro\u00dfen Rat.<\/li><li>Leserbriefe in <em>La Libert\u00e9<\/em>.<\/li><\/ul><p> <\/p>\t\t\t\t\t\t\t\t<\/div>\n\t\t\t\t<\/div>\n\t\t\t\t<\/div>\n\t\t\t\t\t<\/div>\n\t\t\t\t<\/div>\n\t\t<div class=\"elementor-element elementor-element-c2797fc e-flex e-con-boxed e-con e-parent\" data-id=\"c2797fc\" data-element_type=\"container\" data-e-type=\"container\">\n\t\t\t\t\t<div class=\"e-con-inner\">\n\t\t\t\t<div class=\"elementor-element elementor-element-90f1e55 elementor-widget elementor-widget-heading\" data-id=\"90f1e55\" data-element_type=\"widget\" data-e-type=\"widget\" data-widget_type=\"heading.default\">\n\t\t\t\t<div class=\"elementor-widget-container\">\n\t\t\t\t\t<h2 class=\"elementor-heading-title elementor-size-default\">Kontaktperson:<\/h2>\t\t\t\t<\/div>\n\t\t\t\t<\/div>\n\t\t\t\t<div class=\"elementor-element elementor-element-24f506e elementor-widget elementor-widget-text-editor\" data-id=\"24f506e\" data-element_type=\"widget\" data-e-type=\"widget\" data-widget_type=\"text-editor.default\">\n\t\t\t\t<div class=\"elementor-widget-container\">\n\t\t\t\t\t\t\t\t\t<p class=\"p1\">Cristina Tattarletti, <a href=\"mailto:tclt@bluewin.ch\">tclt@bluewin.ch<\/a><\/p>\t\t\t\t\t\t\t\t<\/div>\n\t\t\t\t<\/div>\n\t\t\t\t\t<\/div>\n\t\t\t\t<\/div>\n\t\t\t\t<\/div>\n\t\t","protected":false},"excerpt":{"rendered":"<p>Das gemeinsame Nachdenken \u00fcber die aktuellen klimatischen Realit\u00e4ten, die Menschen und Umwelt betreffen, f\u00fchrt dazu, dass Gro\u00dfeltern mit Kindern und Jugendlichen (Sch\u00fclerinnen und Sch\u00fclern) ihre Erfahrungen, Kenntnisse und Standpunkte austauschen, [&hellip;]<\/p>\n","protected":false},"author":1,"featured_media":0,"parent":5587,"menu_order":2,"comment_status":"closed","ping_status":"closed","template":"","meta":{"_acf_changed":false,"footnotes":""},"class_list":["post-5595","page","type-page","status-publish","hentry"],"acf":[],"_links":{"self":[{"href":"https:\/\/gpclimat-fribourg.ch\/de\/wp-json\/wp\/v2\/pages\/5595","targetHints":{"allow":["GET"]}}],"collection":[{"href":"https:\/\/gpclimat-fribourg.ch\/de\/wp-json\/wp\/v2\/pages"}],"about":[{"href":"https:\/\/gpclimat-fribourg.ch\/de\/wp-json\/wp\/v2\/types\/page"}],"author":[{"embeddable":true,"href":"https:\/\/gpclimat-fribourg.ch\/de\/wp-json\/wp\/v2\/users\/1"}],"replies":[{"embeddable":true,"href":"https:\/\/gpclimat-fribourg.ch\/de\/wp-json\/wp\/v2\/comments?post=5595"}],"version-history":[{"count":1,"href":"https:\/\/gpclimat-fribourg.ch\/de\/wp-json\/wp\/v2\/pages\/5595\/revisions"}],"predecessor-version":[{"id":5602,"href":"https:\/\/gpclimat-fribourg.ch\/de\/wp-json\/wp\/v2\/pages\/5595\/revisions\/5602"}],"up":[{"embeddable":true,"href":"https:\/\/gpclimat-fribourg.ch\/de\/wp-json\/wp\/v2\/pages\/5587"}],"wp:attachment":[{"href":"https:\/\/gpclimat-fribourg.ch\/de\/wp-json\/wp\/v2\/media?parent=5595"}],"curies":[{"name":"wp","href":"https:\/\/api.w.org\/{rel}","templated":true}]}}