{"id":5590,"date":"2025-08-20T17:39:16","date_gmt":"2025-08-20T15:39:16","guid":{"rendered":"https:\/\/gpclimat-fribourg.ch\/engagements\/beteiligung\/"},"modified":"2026-04-19T23:21:50","modified_gmt":"2026-04-19T21:21:50","slug":"beteiligung","status":"publish","type":"page","link":"https:\/\/gpclimat-fribourg.ch\/de\/engagements\/beteiligung\/","title":{"rendered":"Beteiligung"},"content":{"rendered":"\t\t<div data-elementor-type=\"wp-page\" data-elementor-id=\"5590\" class=\"elementor elementor-5590 elementor-1074\" data-elementor-post-type=\"page\">\n\t\t\t\t<div class=\"elementor-element elementor-element-fd1bb8b e-flex e-con-boxed e-con e-parent\" data-id=\"fd1bb8b\" data-element_type=\"container\" data-e-type=\"container\">\n\t\t\t\t\t<div class=\"e-con-inner\">\n\t\t<div class=\"elementor-element elementor-element-aec9a21 e-con-full e-flex e-con e-child\" data-id=\"aec9a21\" data-element_type=\"container\" data-e-type=\"container\">\n\t\t<div class=\"elementor-element elementor-element-20cbcce e-con-full e-flex elementor-invisible e-con e-child\" data-id=\"20cbcce\" data-element_type=\"container\" data-e-type=\"container\" data-settings=\"{&quot;background_background&quot;:&quot;classic&quot;,&quot;animation&quot;:&quot;fadeIn&quot;}\">\n\t\t\t\t<div class=\"elementor-element elementor-element-800476b elementor-widget elementor-widget-heading\" data-id=\"800476b\" data-element_type=\"widget\" data-e-type=\"widget\" data-widget_type=\"heading.default\">\n\t\t\t\t<div class=\"elementor-widget-container\">\n\t\t\t\t\t<h2 class=\"elementor-heading-title elementor-size-default\">Beteiligung ist ein Recht\n<\/h2>\t\t\t\t<\/div>\n\t\t\t\t<\/div>\n\t\t\t\t<div class=\"elementor-element elementor-element-01b2326 elementor-widget__width-initial elementor-widget elementor-widget-text-editor\" data-id=\"01b2326\" data-element_type=\"widget\" data-e-type=\"widget\" data-widget_type=\"text-editor.default\">\n\t\t\t\t<div class=\"elementor-widget-container\">\n\t\t\t\t\t\t\t\t\t<p>Beteiligung entwickelt Handlungsf\u00e4higkeiten, f\u00f6rdert Inklusion und sozialen Zusammenhalt.<\/p><p>Angesichts der aktuellen Klimarealit\u00e4ten, die Menschen und nat\u00fcrliche Lebensr\u00e4ume beeintr\u00e4chtigen, l\u00e4dt Beteiligung dazu ein, zu verstehen, sich zu engagieren, Verantwortung zu \u00fcbernehmen, um gemeinsam zu handeln&#8230;<\/p>\t\t\t\t\t\t\t\t<\/div>\n\t\t\t\t<\/div>\n\t\t\t\t<\/div>\n\t\t\t\t<\/div>\n\t\t<div class=\"elementor-element elementor-element-1e06315 e-con-full e-flex e-con e-child\" data-id=\"1e06315\" data-element_type=\"container\" data-e-type=\"container\">\n\t\t\t\t<div class=\"elementor-element elementor-element-27aabbb elementor-widget__width-inherit elementor-widget elementor-widget-shortcode\" data-id=\"27aabbb\" data-element_type=\"widget\" data-e-type=\"widget\" data-widget_type=\"shortcode.default\">\n\t\t\t\t<div class=\"elementor-widget-container\">\n\t\t\t\t\t\t\t<div class=\"elementor-shortcode\"><nav aria-label=\"breadcrumbs\" class=\"rank-math-breadcrumb\"><p><span class=\"last\">Page d&#039;accueil<\/span><\/p><\/nav><\/div>\n\t\t\t\t\t\t<\/div>\n\t\t\t\t<\/div>\n\t\t\t\t<div class=\"elementor-element elementor-element-c6cc05f elementor-widget__width-inherit elementor-widget elementor-widget-heading\" data-id=\"c6cc05f\" data-element_type=\"widget\" data-e-type=\"widget\" data-widget_type=\"heading.default\">\n\t\t\t\t<div class=\"elementor-widget-container\">\n\t\t\t\t\t<h1 class=\"elementor-heading-title elementor-size-default\">Beteiligung<\/h1>\t\t\t\t<\/div>\n\t\t\t\t<\/div>\n\t\t\t\t<div class=\"elementor-element elementor-element-3a31380 elementor-widget elementor-widget-text-editor\" data-id=\"3a31380\" data-element_type=\"widget\" data-e-type=\"widget\" data-widget_type=\"text-editor.default\">\n\t\t\t\t<div class=\"elementor-widget-container\">\n\t\t\t\t\t\t\t\t\t<p>Die Gruppe Beteiligung organisiert <strong>generationen\u00fcbergreifende Aktionen<\/strong> in verschiedenen Bereichen (Institutionen, Kollektive, Gebiete&#8230; Schulen, Quartiere, Gemeinden, \u00f6ffentlicher Raum usw.).<\/p><p>Diese Aktivit\u00e4ten<\/p><ul><li>St\u00e4rken die Verbindungen zwischen Teilnehmenden unterschiedlichen Alters und sogar unterschiedlicher Herkunft<\/li><li>Laden sie ein, gemeinsam \u00fcber verschiedene Themen nachzudenken und zu handeln<\/li><li>Durch Workshops, Ans\u00e4tze, spielerische, zug\u00e4ngliche, inklusive und partizipative Aktivit\u00e4ten<\/li><li>Auf der Grundlage thematischer Dokumentationen<\/li><\/ul>\t\t\t\t\t\t\t\t<\/div>\n\t\t\t\t<\/div>\n\t\t\t\t<\/div>\n\t\t\t\t\t<\/div>\n\t\t\t\t<\/div>\n\t\t<div class=\"elementor-element elementor-element-365d015 e-flex e-con-boxed e-con e-parent\" data-id=\"365d015\" data-element_type=\"container\" data-e-type=\"container\">\n\t\t\t\t\t<div class=\"e-con-inner\">\n\t\t\t\t<div class=\"elementor-element elementor-element-4e35526 elementor-widget__width-inherit elementor-widget elementor-widget-heading\" data-id=\"4e35526\" data-element_type=\"widget\" data-e-type=\"widget\" data-widget_type=\"heading.default\">\n\t\t\t\t<div class=\"elementor-widget-container\">\n\t\t\t\t\t<h2 class=\"elementor-heading-title elementor-size-default\">Generationen\u00fcbergreifende Aktionen<\/h2>\t\t\t\t<\/div>\n\t\t\t\t<\/div>\n\t\t\t\t\t<\/div>\n\t\t\t\t<\/div>\n\t\t<div class=\"elementor-element elementor-element-655711f e-flex e-con-boxed e-con e-parent\" data-id=\"655711f\" data-element_type=\"container\" data-e-type=\"container\">\n\t\t\t\t\t<div class=\"e-con-inner\">\n\t\t<div class=\"elementor-element elementor-element-ff53494 e-con-full e-grid e-con e-child\" data-id=\"ff53494\" data-element_type=\"container\" data-e-type=\"container\">\n\t\t\t\t<div class=\"elementor-element elementor-element-4f1fab4 elementor-widget elementor-widget-image\" data-id=\"4f1fab4\" data-element_type=\"widget\" data-e-type=\"widget\" data-widget_type=\"image.default\">\n\t\t\t\t<div class=\"elementor-widget-container\">\n\t\t\t\t\t\t\t\t\t\t\t\t\t\t\t<img fetchpriority=\"high\" decoding=\"async\" width=\"800\" height=\"600\" src=\"https:\/\/gpclimat-fribourg.ch\/wp-content\/uploads\/2025\/12\/TableAvecEnfants-1024x768.jpg\" class=\"attachment-large size-large wp-image-5593\" alt=\"\" srcset=\"https:\/\/gpclimat-fribourg.ch\/wp-content\/uploads\/2025\/12\/TableAvecEnfants-1024x768.jpg 1024w, https:\/\/gpclimat-fribourg.ch\/wp-content\/uploads\/2025\/12\/TableAvecEnfants-300x225.jpg 300w, https:\/\/gpclimat-fribourg.ch\/wp-content\/uploads\/2025\/12\/TableAvecEnfants-768x576.jpg 768w, https:\/\/gpclimat-fribourg.ch\/wp-content\/uploads\/2025\/12\/TableAvecEnfants-1536x1152.jpg 1536w, https:\/\/gpclimat-fribourg.ch\/wp-content\/uploads\/2025\/12\/TableAvecEnfants-2048x1536.jpg 2048w\" sizes=\"(max-width: 800px) 100vw, 800px\" \/>\t\t\t\t\t\t\t\t\t\t\t\t\t\t\t<\/div>\n\t\t\t\t<\/div>\n\t\t\t\t<div class=\"elementor-element elementor-element-87ddd39 elementor-widget elementor-widget-text-editor\" data-id=\"87ddd39\" data-element_type=\"widget\" data-e-type=\"widget\" data-widget_type=\"text-editor.default\">\n\t\t\t\t<div class=\"elementor-widget-container\">\n\t\t\t\t\t\t\t\t\t<p>Die Aktionen, Aktivit\u00e4ten oder Workshops werden f\u00fcr Veranstaltungen (<strong>Erd\u00fcberlastungstag<\/strong> usw.) konzipiert oder um Anfragen von Partnern zu entsprechen.<\/p><p>Sie sind gemeinschaftlich, generationen\u00fcbergreifend, mit unterschiedlichen Zielgruppen.<\/p><p>Sie behandeln insbesondere folgende Themen:<\/p><p><strong><a href=\"https:\/\/gpclimat-fribourg.ch\/engagements\/participation\/catalogue\/agir-pour-le-climat\/\">F\u00fcr das Klima handeln<\/a> \/ <\/strong><strong><a href=\"https:\/\/gpclimat-fribourg.ch\/engagements\/participation\/catalogue\/alimentation-bas-carbone\/\">Kohlenstoffarme Ern\u00e4hrung<\/a> \/ <\/strong><strong><a href=\"https:\/\/gpclimat-fribourg.ch\/engagements\/participation\/catalogue\/consommation-durable\/\">Nachhaltiger Konsum<\/a> \/ <\/strong><strong><a href=\"https:\/\/gpclimat-fribourg.ch\/engagements\/participation\/catalogue\/gestes-durables\/\">Nachhaltige Gesten<\/a><\/strong><strong> \/ <\/strong><strong><a href=\"https:\/\/gpclimat-fribourg.ch\/engagements\/participation\/catalogue\/plastiques\/\">Plastik<\/a> \/ <\/strong><a href=\"https:\/\/gpclimat-fribourg.ch\/engagements\/participation\/catalogue\/modes-textiles\/\"><strong>Mode &#8211; Textilien<\/strong><\/a><\/p>\t\t\t\t\t\t\t\t<\/div>\n\t\t\t\t<\/div>\n\t\t\t\t<div class=\"elementor-element elementor-element-66c8211 elementor-widget elementor-widget-image\" data-id=\"66c8211\" data-element_type=\"widget\" data-e-type=\"widget\" data-widget_type=\"image.default\">\n\t\t\t\t<div class=\"elementor-widget-container\">\n\t\t\t\t\t\t\t\t\t\t\t\t\t\t\t<img decoding=\"async\" width=\"800\" height=\"602\" src=\"https:\/\/gpclimat-fribourg.ch\/wp-content\/uploads\/2025\/08\/participation-img-1024x770.jpg\" class=\"attachment-large size-large wp-image-5591\" alt=\"\" srcset=\"https:\/\/gpclimat-fribourg.ch\/wp-content\/uploads\/2025\/08\/participation-img-1024x770.jpg 1024w, https:\/\/gpclimat-fribourg.ch\/wp-content\/uploads\/2025\/08\/participation-img-300x225.jpg 300w, https:\/\/gpclimat-fribourg.ch\/wp-content\/uploads\/2025\/08\/participation-img-768x577.jpg 768w, https:\/\/gpclimat-fribourg.ch\/wp-content\/uploads\/2025\/08\/participation-img.jpg 1457w\" sizes=\"(max-width: 800px) 100vw, 800px\" \/>\t\t\t\t\t\t\t\t\t\t\t\t\t\t\t<\/div>\n\t\t\t\t<\/div>\n\t\t\t\t<\/div>\n\t\t\t\t\t<\/div>\n\t\t\t\t<\/div>\n\t\t<div class=\"elementor-element elementor-element-b0c952e e-flex e-con-boxed e-con e-parent\" data-id=\"b0c952e\" data-element_type=\"container\" data-e-type=\"container\">\n\t\t\t\t\t<div class=\"e-con-inner\">\n\t\t\t\t<div class=\"elementor-element elementor-element-3241796 elementor-widget__width-inherit elementor-widget elementor-widget-heading\" data-id=\"3241796\" data-element_type=\"widget\" data-e-type=\"widget\" data-widget_type=\"heading.default\">\n\t\t\t\t<div class=\"elementor-widget-container\">\n\t\t\t\t\t<h2 class=\"elementor-heading-title elementor-size-default\">Digitaler Katalog<\/h2>\t\t\t\t<\/div>\n\t\t\t\t<\/div>\n\t\t\t\t\t<\/div>\n\t\t\t\t<\/div>\n\t\t<div class=\"elementor-element elementor-element-c3d1aa5 e-flex e-con-boxed e-con e-parent\" data-id=\"c3d1aa5\" data-element_type=\"container\" data-e-type=\"container\">\n\t\t\t\t\t<div class=\"e-con-inner\">\n\t\t<div class=\"elementor-element elementor-element-04a0bcc e-con-full e-grid e-con e-child\" data-id=\"04a0bcc\" data-element_type=\"container\" data-e-type=\"container\">\n\t\t\t\t<div class=\"elementor-element elementor-element-0fad9eb elementor-widget elementor-widget-text-editor\" data-id=\"0fad9eb\" data-element_type=\"widget\" data-e-type=\"widget\" data-widget_type=\"text-editor.default\">\n\t\t\t\t<div class=\"elementor-widget-container\">\n\t\t\t\t\t\t\t\t\t<p>Ein digitaler, sich weiterentwickelnder <strong>Katalog<\/strong> vereint die Aktionen, Dokumentationen, didaktischen Materialien und thematischen Merkbl\u00e4tter. <\/p><p>Er ist f\u00fcr alle Organisationen, Gruppen und Personen zug\u00e4nglich, die f\u00fcr das Klima handeln m\u00f6chten, kollektiv oder generationen\u00fcbergreifend!<\/p>\t\t\t\t\t\t\t\t<\/div>\n\t\t\t\t<\/div>\n\t\t\t\t<div class=\"elementor-element elementor-element-6ad1741 elementor-align-center elementor-widget elementor-widget-button\" data-id=\"6ad1741\" data-element_type=\"widget\" data-e-type=\"widget\" data-widget_type=\"button.default\">\n\t\t\t\t<div class=\"elementor-widget-container\">\n\t\t\t\t\t\t\t\t\t<div class=\"elementor-button-wrapper\">\n\t\t\t\t\t<a class=\"elementor-button elementor-button-link elementor-size-sm\" href=\"https:\/\/gpclimat-fribourg.ch\/engagements\/participation\/catalogue\/\">\n\t\t\t\t\t\t<span class=\"elementor-button-content-wrapper\">\n\t\t\t\t\t\t\t\t\t<span class=\"elementor-button-text\">-&gt; Digitaler Katalog<\/span>\n\t\t\t\t\t<\/span>\n\t\t\t\t\t<\/a>\n\t\t\t\t<\/div>\n\t\t\t\t\t\t\t\t<\/div>\n\t\t\t\t<\/div>\n\t\t\t\t<\/div>\n\t\t\t\t\t<\/div>\n\t\t\t\t<\/div>\n\t\t\t\t<\/div>\n\t\t","protected":false},"excerpt":{"rendered":"<p>Beteiligung ist ein Recht Beteiligung entwickelt Handlungsf\u00e4higkeiten, f\u00f6rdert Inklusion und sozialen Zusammenhalt. Angesichts der aktuellen Klimarealit\u00e4ten, die Menschen und nat\u00fcrliche Lebensr\u00e4ume beeintr\u00e4chtigen, l\u00e4dt Beteiligung dazu ein, zu verstehen, sich zu [&hellip;]<\/p>\n","protected":false},"author":1,"featured_media":0,"parent":5587,"menu_order":0,"comment_status":"closed","ping_status":"closed","template":"","meta":{"_acf_changed":false,"footnotes":""},"class_list":["post-5590","page","type-page","status-publish","hentry"],"acf":[],"_links":{"self":[{"href":"https:\/\/gpclimat-fribourg.ch\/de\/wp-json\/wp\/v2\/pages\/5590","targetHints":{"allow":["GET"]}}],"collection":[{"href":"https:\/\/gpclimat-fribourg.ch\/de\/wp-json\/wp\/v2\/pages"}],"about":[{"href":"https:\/\/gpclimat-fribourg.ch\/de\/wp-json\/wp\/v2\/types\/page"}],"author":[{"embeddable":true,"href":"https:\/\/gpclimat-fribourg.ch\/de\/wp-json\/wp\/v2\/users\/1"}],"replies":[{"embeddable":true,"href":"https:\/\/gpclimat-fribourg.ch\/de\/wp-json\/wp\/v2\/comments?post=5590"}],"version-history":[{"count":1,"href":"https:\/\/gpclimat-fribourg.ch\/de\/wp-json\/wp\/v2\/pages\/5590\/revisions"}],"predecessor-version":[{"id":5594,"href":"https:\/\/gpclimat-fribourg.ch\/de\/wp-json\/wp\/v2\/pages\/5590\/revisions\/5594"}],"up":[{"embeddable":true,"href":"https:\/\/gpclimat-fribourg.ch\/de\/wp-json\/wp\/v2\/pages\/5587"}],"wp:attachment":[{"href":"https:\/\/gpclimat-fribourg.ch\/de\/wp-json\/wp\/v2\/media?parent=5590"}],"curies":[{"name":"wp","href":"https:\/\/api.w.org\/{rel}","templated":true}]}}