{"id":5579,"date":"2025-08-20T23:40:53","date_gmt":"2025-08-20T21:40:53","guid":{"rendered":"https:\/\/gpclimat-fribourg.ch\/gesundheit\/"},"modified":"2026-04-19T23:21:45","modified_gmt":"2026-04-19T21:21:45","slug":"gesundheit","status":"publish","type":"page","link":"https:\/\/gpclimat-fribourg.ch\/de\/engagements\/gesundheit\/","title":{"rendered":"Gesundheit"},"content":{"rendered":"\t\t<div data-elementor-type=\"wp-page\" data-elementor-id=\"5579\" class=\"elementor elementor-5579 elementor-1206\" data-elementor-post-type=\"page\">\n\t\t\t\t<div class=\"elementor-element elementor-element-cc4989c e-flex e-con-boxed e-con e-parent\" data-id=\"cc4989c\" data-element_type=\"container\" data-e-type=\"container\">\n\t\t\t\t\t<div class=\"e-con-inner\">\n\t\t<div class=\"elementor-element elementor-element-8905927 e-con-full e-flex e-con e-child\" data-id=\"8905927\" data-element_type=\"container\" data-e-type=\"container\">\n\t\t<div class=\"elementor-element elementor-element-e8fb535 e-con-full e-flex elementor-invisible e-con e-child\" data-id=\"e8fb535\" data-element_type=\"container\" data-e-type=\"container\" data-settings=\"{&quot;background_background&quot;:&quot;classic&quot;,&quot;animation&quot;:&quot;fadeIn&quot;}\">\n\t\t\t\t<div class=\"elementor-element elementor-element-1080cee elementor-widget__width-initial elementor-widget elementor-widget-text-editor\" data-id=\"1080cee\" data-element_type=\"widget\" data-e-type=\"widget\" data-widget_type=\"text-editor.default\">\n\t\t\t\t<div class=\"elementor-widget-container\">\n\t\t\t\t\t\t\t\t\t<p><strong>F\u00f6rderung von Ma\u00dfnahmen, die sowohl der individuellen Gesundheit als auch der Umwelt zugutekommen.<\/strong><\/p>\t\t\t\t\t\t\t\t<\/div>\n\t\t\t\t<\/div>\n\t\t\t\t<\/div>\n\t\t\t\t<\/div>\n\t\t<div class=\"elementor-element elementor-element-9f1c7a6 e-con-full e-flex e-con e-child\" data-id=\"9f1c7a6\" data-element_type=\"container\" data-e-type=\"container\">\n\t\t\t\t<div class=\"elementor-element elementor-element-b03798c elementor-widget__width-inherit elementor-widget elementor-widget-shortcode\" data-id=\"b03798c\" data-element_type=\"widget\" data-e-type=\"widget\" data-widget_type=\"shortcode.default\">\n\t\t\t\t<div class=\"elementor-widget-container\">\n\t\t\t\t\t\t\t<div class=\"elementor-shortcode\"><nav aria-label=\"breadcrumbs\" class=\"rank-math-breadcrumb\"><p><span class=\"last\">Page d&#039;accueil<\/span><\/p><\/nav><\/div>\n\t\t\t\t\t\t<\/div>\n\t\t\t\t<\/div>\n\t\t\t\t<div class=\"elementor-element elementor-element-b44a5b3 elementor-widget__width-inherit elementor-widget elementor-widget-heading\" data-id=\"b44a5b3\" data-element_type=\"widget\" data-e-type=\"widget\" data-widget_type=\"heading.default\">\n\t\t\t\t<div class=\"elementor-widget-container\">\n\t\t\t\t\t<h1 class=\"elementor-heading-title elementor-size-default\">Gesundheit<\/h1>\t\t\t\t<\/div>\n\t\t\t\t<\/div>\n\t\t\t\t<div class=\"elementor-element elementor-element-8c4bd08 elementor-widget__width-initial elementor-widget elementor-widget-text-editor\" data-id=\"8c4bd08\" data-element_type=\"widget\" data-e-type=\"widget\" data-widget_type=\"text-editor.default\">\n\t\t\t\t<div class=\"elementor-widget-container\">\n\t\t\t\t\t\t\t\t\t<p><b>Die Gruppe Gesundheit<\/b> besteht aus Mitgliedern der GPClim Freiburg und der \u201e<a href=\"https:\/\/www.facebook.com\/parentsfribourgclimat\/\" target=\"_blank\" rel=\"noopener\">Parents pour le climat<\/a><\/p><p>Interessierte Personen sind herzlich willkommen.<\/p>\t\t\t\t\t\t\t\t<\/div>\n\t\t\t\t<\/div>\n\t\t\t\t<div class=\"elementor-element elementor-element-239599f elementor-align-center elementor-widget__width-inherit elementor-widget elementor-widget-button\" data-id=\"239599f\" data-element_type=\"widget\" data-e-type=\"widget\" data-widget_type=\"button.default\">\n\t\t\t\t<div class=\"elementor-widget-container\">\n\t\t\t\t\t\t\t\t\t<div class=\"elementor-button-wrapper\">\n\t\t\t\t\t<a class=\"elementor-button elementor-button-link elementor-size-sm\" href=\"https:\/\/gpclimat-fribourg.ch\/engagements\/sante\/actions\/\">\n\t\t\t\t\t\t<span class=\"elementor-button-content-wrapper\">\n\t\t\t\t\t\t\t\t\t<span class=\"elementor-button-text\">-&gt; Unsere Aktionen<\/span>\n\t\t\t\t\t<\/span>\n\t\t\t\t\t<\/a>\n\t\t\t\t<\/div>\n\t\t\t\t\t\t\t\t<\/div>\n\t\t\t\t<\/div>\n\t\t\t\t<\/div>\n\t\t\t\t\t<\/div>\n\t\t\t\t<\/div>\n\t\t<div class=\"elementor-element elementor-element-afd45fe e-flex e-con-boxed e-con e-parent\" data-id=\"afd45fe\" data-element_type=\"container\" data-e-type=\"container\">\n\t\t\t\t\t<div class=\"e-con-inner\">\n\t\t<div class=\"elementor-element elementor-element-61baae0 e-con-full e-flex e-con e-child\" data-id=\"61baae0\" data-element_type=\"container\" data-e-type=\"container\">\n\t\t<div class=\"elementor-element elementor-element-786d70c e-grid e-con-full e-con e-child\" data-id=\"786d70c\" data-element_type=\"container\" data-e-type=\"container\">\n\t\t<div class=\"elementor-element elementor-element-2258a29 e-con-full e-flex e-con e-child\" data-id=\"2258a29\" data-element_type=\"container\" data-e-type=\"container\">\n\t\t\t\t<div class=\"elementor-element elementor-element-055e3fa elementor-widget elementor-widget-heading\" data-id=\"055e3fa\" data-element_type=\"widget\" data-e-type=\"widget\" data-widget_type=\"heading.default\">\n\t\t\t\t<div class=\"elementor-widget-container\">\n\t\t\t\t\t<h2 class=\"elementor-heading-title elementor-size-default\">Wir setzen uns auch gegen PFAS ein.\nUnterzeichnen Sie die Petition!<\/h2>\t\t\t\t<\/div>\n\t\t\t\t<\/div>\n\t\t\t\t<div class=\"elementor-element elementor-element-9f5b3cf elementor-widget elementor-widget-text-editor\" data-id=\"9f5b3cf\" data-element_type=\"widget\" data-e-type=\"widget\" data-widget_type=\"text-editor.default\">\n\t\t\t\t<div class=\"elementor-widget-container\">\n\t\t\t\t\t\t\t\t\t<p>Die Enth\u00fcllungen \u00fcber PFAS, diese ewigen Schadstoffe, sind zunehmend alarmierend. Dennoch hat das Bundesamt f\u00fcr Gesundheit aus Kostengr\u00fcnden auf eine umfassende Studie verzichtet, die das Problem besser eingrenzen w\u00fcrde. Gemeinsam mit anderen hat die Arbeitsgruppe \u201eGesundheit\u201c unseres Vereins soeben an zwei Parlamentarierinnen (Val\u00e9rie Piller-Carrard und Delphine Klopfenstein) sowie an den ehemaligen Nationalrat und heutigen Walliser Staatsrat Matthias Reynard (Gesundheitsdirektor seines Kantons) geschrieben, um sie aufzufordern, gegen diese bedauerliche Entscheidung vorzugehen. <\/p>\t\t\t\t\t\t\t\t<\/div>\n\t\t\t\t<\/div>\n\t\t<div class=\"elementor-element elementor-element-702b0e3 e-grid e-con-full e-con e-child\" data-id=\"702b0e3\" data-element_type=\"container\" data-e-type=\"container\">\n\t\t\t\t<div class=\"elementor-element elementor-element-51c1f71 elementor-widget elementor-widget-button\" data-id=\"51c1f71\" data-element_type=\"widget\" data-e-type=\"widget\" data-widget_type=\"button.default\">\n\t\t\t\t<div class=\"elementor-widget-container\">\n\t\t\t\t\t\t\t\t\t<div class=\"elementor-button-wrapper\">\n\t\t\t\t\t<a class=\"elementor-button elementor-button-link elementor-size-sm\" href=\"https:\/\/gpclimat-fribourg.ch\/wp-content\/uploads\/2026\/02\/LettrePFAS.pdf\" target=\"_blank\">\n\t\t\t\t\t\t<span class=\"elementor-button-content-wrapper\">\n\t\t\t\t\t\t\t\t\t<span class=\"elementor-button-text\">Vollst\u00e4ndiger BRIEF mit dem Link zur Unterzeichnung<\/span>\n\t\t\t\t\t<\/span>\n\t\t\t\t\t<\/a>\n\t\t\t\t<\/div>\n\t\t\t\t\t\t\t\t<\/div>\n\t\t\t\t<\/div>\n\t\t\t\t<div class=\"elementor-element elementor-element-e03526a elementor-widget elementor-widget-text-editor\" data-id=\"e03526a\" data-element_type=\"widget\" data-e-type=\"widget\" data-widget_type=\"text-editor.default\">\n\t\t\t\t<div class=\"elementor-widget-container\">\n\t\t\t\t\t\t\t\t\t<p>oder<\/p>\t\t\t\t\t\t\t\t<\/div>\n\t\t\t\t<\/div>\n\t\t\t\t<div class=\"elementor-element elementor-element-0681431 elementor-widget elementor-widget-button\" data-id=\"0681431\" data-element_type=\"widget\" data-e-type=\"widget\" data-widget_type=\"button.default\">\n\t\t\t\t<div class=\"elementor-widget-container\">\n\t\t\t\t\t\t\t\t\t<div class=\"elementor-button-wrapper\">\n\t\t\t\t\t<a class=\"elementor-button elementor-button-link elementor-size-sm\" href=\"https:\/\/act.campax.org\/petitions\/sante-publique-en-danger-nous-exigeons-la-reprise-de-l-etude-sur-les-pfas?source=homepage&#038;utm_medium=promotion&#038;utm_source=homepage\" target=\"_blank\" rel=\"noopener\">\n\t\t\t\t\t\t<span class=\"elementor-button-content-wrapper\">\n\t\t\t\t\t\t\t\t\t<span class=\"elementor-button-text\">Direkter Link zur Unterzeichnung der Petition<\/span>\n\t\t\t\t\t<\/span>\n\t\t\t\t\t<\/a>\n\t\t\t\t<\/div>\n\t\t\t\t\t\t\t\t<\/div>\n\t\t\t\t<\/div>\n\t\t\t\t<\/div>\n\t\t\t\t<\/div>\n\t\t\t\t<div class=\"elementor-element elementor-element-d71d275 elementor-widget elementor-widget-image\" data-id=\"d71d275\" data-element_type=\"widget\" data-e-type=\"widget\" data-widget_type=\"image.default\">\n\t\t\t\t<div class=\"elementor-widget-container\">\n\t\t\t\t\t\t\t\t\t\t\t\t\t\t\t<img fetchpriority=\"high\" decoding=\"async\" width=\"725\" height=\"300\" src=\"https:\/\/gpclimat-fribourg.ch\/wp-content\/uploads\/2026\/02\/PFAS_Danger.png\" class=\"attachment-large size-large wp-image-5581\" alt=\"\" srcset=\"https:\/\/gpclimat-fribourg.ch\/wp-content\/uploads\/2026\/02\/PFAS_Danger.png 725w, https:\/\/gpclimat-fribourg.ch\/wp-content\/uploads\/2026\/02\/PFAS_Danger-300x124.png 300w\" sizes=\"(max-width: 725px) 100vw, 725px\" \/>\t\t\t\t\t\t\t\t\t\t\t\t\t\t\t<\/div>\n\t\t\t\t<\/div>\n\t\t\t\t<\/div>\n\t\t\t\t<\/div>\n\t\t\t\t\t<\/div>\n\t\t\t\t<\/div>\n\t\t<div class=\"elementor-element elementor-element-c1027fc e-flex e-con-boxed e-con e-parent\" data-id=\"c1027fc\" data-element_type=\"container\" data-e-type=\"container\">\n\t\t\t\t\t<div class=\"e-con-inner\">\n\t\t\t\t<div class=\"elementor-element elementor-element-9ea94dd elementor-widget elementor-widget-heading\" data-id=\"9ea94dd\" data-element_type=\"widget\" data-e-type=\"widget\" data-widget_type=\"heading.default\">\n\t\t\t\t<div class=\"elementor-widget-container\">\n\t\t\t\t\t<h2 class=\"elementor-heading-title elementor-size-default\">Kontaktperson:<\/h2>\t\t\t\t<\/div>\n\t\t\t\t<\/div>\n\t\t\t\t<div class=\"elementor-element elementor-element-c16ed40 elementor-widget elementor-widget-text-editor\" data-id=\"c16ed40\" data-element_type=\"widget\" data-e-type=\"widget\" data-widget_type=\"text-editor.default\">\n\t\t\t\t<div class=\"elementor-widget-container\">\n\t\t\t\t\t\t\t\t\t<p class=\"p1\">Cristina Tattarletti, <a href=\"mailto:tclt@bluewin.ch\">tclt@bluewin.ch<\/a><\/p>\t\t\t\t\t\t\t\t<\/div>\n\t\t\t\t<\/div>\n\t\t\t\t\t<\/div>\n\t\t\t\t<\/div>\n\t\t\t\t<\/div>\n\t\t","protected":false},"excerpt":{"rendered":"<p>F\u00f6rderung von Ma\u00dfnahmen, die sowohl der individuellen Gesundheit als auch der Umwelt zugutekommen. Gesundheit Die Gruppe Gesundheit besteht aus Mitgliedern der GPClim Freiburg und der \u201eParents pour le climat Interessierte [&hellip;]<\/p>\n","protected":false},"author":1,"featured_media":0,"parent":5587,"menu_order":0,"comment_status":"closed","ping_status":"closed","template":"","meta":{"_acf_changed":false,"footnotes":""},"class_list":["post-5579","page","type-page","status-publish","hentry"],"acf":[],"_links":{"self":[{"href":"https:\/\/gpclimat-fribourg.ch\/de\/wp-json\/wp\/v2\/pages\/5579","targetHints":{"allow":["GET"]}}],"collection":[{"href":"https:\/\/gpclimat-fribourg.ch\/de\/wp-json\/wp\/v2\/pages"}],"about":[{"href":"https:\/\/gpclimat-fribourg.ch\/de\/wp-json\/wp\/v2\/types\/page"}],"author":[{"embeddable":true,"href":"https:\/\/gpclimat-fribourg.ch\/de\/wp-json\/wp\/v2\/users\/1"}],"replies":[{"embeddable":true,"href":"https:\/\/gpclimat-fribourg.ch\/de\/wp-json\/wp\/v2\/comments?post=5579"}],"version-history":[{"count":1,"href":"https:\/\/gpclimat-fribourg.ch\/de\/wp-json\/wp\/v2\/pages\/5579\/revisions"}],"predecessor-version":[{"id":5582,"href":"https:\/\/gpclimat-fribourg.ch\/de\/wp-json\/wp\/v2\/pages\/5579\/revisions\/5582"}],"up":[{"embeddable":true,"href":"https:\/\/gpclimat-fribourg.ch\/de\/wp-json\/wp\/v2\/pages\/5587"}],"wp:attachment":[{"href":"https:\/\/gpclimat-fribourg.ch\/de\/wp-json\/wp\/v2\/media?parent=5579"}],"curies":[{"name":"wp","href":"https:\/\/api.w.org\/{rel}","templated":true}]}}