{"id":5577,"date":"2025-04-15T06:39:36","date_gmt":"2025-04-15T04:39:36","guid":{"rendered":"https:\/\/gpclimat-fribourg.ch\/dokumente-fotos-links\/galerie\/"},"modified":"2026-04-19T23:21:29","modified_gmt":"2026-04-19T21:21:29","slug":"galerie","status":"publish","type":"page","link":"https:\/\/gpclimat-fribourg.ch\/de\/dokumente-fotos-links\/galerie\/","title":{"rendered":"Galerie"},"content":{"rendered":"\t\t<div data-elementor-type=\"wp-page\" data-elementor-id=\"5577\" class=\"elementor elementor-5577 elementor-716\" data-elementor-post-type=\"page\">\n\t\t\t\t<div class=\"elementor-element elementor-element-37e604d e-flex e-con-boxed e-con e-parent\" data-id=\"37e604d\" data-element_type=\"container\" data-e-type=\"container\">\n\t\t\t\t\t<div class=\"e-con-inner\">\n\t\t\t\t<div class=\"elementor-element elementor-element-b9385ab elementor-widget__width-initial elementor-widget elementor-widget-heading\" data-id=\"b9385ab\" data-element_type=\"widget\" data-e-type=\"widget\" data-widget_type=\"heading.default\">\n\t\t\t\t<div class=\"elementor-widget-container\">\n\t\t\t\t\t<h1 class=\"elementor-heading-title elementor-size-default\">Fotogalerien<\/h1>\t\t\t\t<\/div>\n\t\t\t\t<\/div>\n\t\t\t\t<div class=\"elementor-element elementor-element-05c0c6d elementor-widget__width-initial elementor-widget elementor-widget-shortcode\" data-id=\"05c0c6d\" data-element_type=\"widget\" data-e-type=\"widget\" data-widget_type=\"shortcode.default\">\n\t\t\t\t<div class=\"elementor-widget-container\">\n\t\t\t\t\t\t\t<div class=\"elementor-shortcode\"><nav aria-label=\"breadcrumbs\" class=\"rank-math-breadcrumb\"><p><span class=\"last\">Page d&#039;accueil<\/span><\/p><\/nav><\/div>\n\t\t\t\t\t\t<\/div>\n\t\t\t\t<\/div>\n\t\t\t\t\t<\/div>\n\t\t\t\t<\/div>\n\t\t<div class=\"elementor-element elementor-element-ec01808 e-flex e-con-boxed e-con e-parent\" data-id=\"ec01808\" data-element_type=\"container\" data-e-type=\"container\" data-settings=\"{&quot;background_background&quot;:&quot;classic&quot;}\">\n\t\t\t\t\t<div class=\"e-con-inner\">\n\t\t<div class=\"elementor-element elementor-element-6e735f17 animated-fast e-flex e-con-boxed elementor-invisible e-con e-child\" data-id=\"6e735f17\" data-element_type=\"container\" data-e-type=\"container\" data-settings=\"{&quot;animation&quot;:&quot;fadeIn&quot;,&quot;animation_delay&quot;:500}\">\n\t\t\t\t\t<div class=\"e-con-inner\">\n\t\t\t\t<div class=\"elementor-element elementor-element-4f641afc elementor-grid-2 elementor-grid-tablet-1 elementor-grid-mobile-1 elementor-widget elementor-widget-loop-grid\" data-id=\"4f641afc\" data-element_type=\"widget\" data-e-type=\"widget\" data-settings=\"{&quot;row_gap&quot;:{&quot;unit&quot;:&quot;px&quot;,&quot;size&quot;:50,&quot;sizes&quot;:[]},&quot;template_id&quot;:5698,&quot;columns&quot;:2,&quot;columns_tablet&quot;:1,&quot;_skin&quot;:&quot;post&quot;,&quot;columns_mobile&quot;:&quot;1&quot;,&quot;edit_handle_selector&quot;:&quot;[data-elementor-type=\\&quot;loop-item\\&quot;]&quot;,&quot;row_gap_tablet&quot;:{&quot;unit&quot;:&quot;px&quot;,&quot;size&quot;:&quot;&quot;,&quot;sizes&quot;:[]},&quot;row_gap_mobile&quot;:{&quot;unit&quot;:&quot;px&quot;,&quot;size&quot;:&quot;&quot;,&quot;sizes&quot;:[]}}\" data-widget_type=\"loop-grid.post\">\n\t\t\t\t<div class=\"elementor-widget-container\">\n\t\t\t\t\t\t\t<div class=\"elementor-loop-container elementor-grid\" role=\"list\">\n\t\t<style id=\"loop-dynamic-5698\">.e-loop-item-5288 .elementor-element.elementor-element-29587506:not(.elementor-motion-effects-element-type-background), .e-loop-item-5288 .elementor-element.elementor-element-29587506 > .elementor-motion-effects-container > .elementor-motion-effects-layer{background-image:url(\"https:\/\/gpclimat-fribourg.ch\/wp-content\/uploads\/2026\/03\/2026_01_13-ReferendumPAFE-5-scaled.jpg\");}<\/style><style id=\"loop-5698\">.elementor-5698 .elementor-element.elementor-element-29587506{--display:flex;--flex-direction:column;--container-widget-width:calc( ( 1 - var( --container-widget-flex-grow ) ) * 100% );--container-widget-height:initial;--container-widget-flex-grow:0;--container-widget-align-self:initial;--flex-wrap-mobile:wrap;--justify-content:center;--align-items:center;--gap:0px 0px;--row-gap:0px;--column-gap:0px;--border-radius:2em 2em 2em 2em;--padding-top:145px;--padding-bottom:145px;--padding-left:65px;--padding-right:65px;}.elementor-5698 .elementor-element.elementor-element-29587506:not(.elementor-motion-effects-element-type-background), .elementor-5698 .elementor-element.elementor-element-29587506 > .elementor-motion-effects-container > .elementor-motion-effects-layer{background-position:center center;background-repeat:no-repeat;background-size:cover;}.elementor-5698 .elementor-element.elementor-element-6c768c4{--display:flex;--flex-direction:column;--container-widget-width:100%;--container-widget-height:initial;--container-widget-flex-grow:0;--container-widget-align-self:initial;--flex-wrap-mobile:wrap;--overlay-opacity:0.86;--border-radius:20px 20px 20px 20px;--padding-top:10%;--padding-bottom:10%;--padding-left:10%;--padding-right:10%;}.elementor-5698 .elementor-element.elementor-element-6c768c4::before, .elementor-5698 .elementor-element.elementor-element-6c768c4 > .elementor-background-video-container::before, .elementor-5698 .elementor-element.elementor-element-6c768c4 > .e-con-inner > .elementor-background-video-container::before, .elementor-5698 .elementor-element.elementor-element-6c768c4 > .elementor-background-slideshow::before, .elementor-5698 .elementor-element.elementor-element-6c768c4 > .e-con-inner > .elementor-background-slideshow::before, .elementor-5698 .elementor-element.elementor-element-6c768c4 > .elementor-motion-effects-container > .elementor-motion-effects-layer::before{--background-overlay:'';background-color:var( --e-global-color-primary );}.elementor-5698 .elementor-element.elementor-element-6c768c4:hover::before, .elementor-5698 .elementor-element.elementor-element-6c768c4:hover > .elementor-background-video-container::before, .elementor-5698 .elementor-element.elementor-element-6c768c4:hover > .e-con-inner > .elementor-background-video-container::before, .elementor-5698 .elementor-element.elementor-element-6c768c4 > .elementor-background-slideshow:hover::before, .elementor-5698 .elementor-element.elementor-element-6c768c4 > .e-con-inner > .elementor-background-slideshow:hover::before{--background-overlay:'';background-color:var( --e-global-color-text );}.elementor-5698 .elementor-element.elementor-element-6c768c4:hover{--overlay-opacity:1;}.elementor-5698 .elementor-element.elementor-element-af48b88{text-align:center;}.elementor-5698 .elementor-element.elementor-element-af48b88 .elementor-heading-title{font-family:\"Instrument Sans\", Sans-serif;font-size:20px;font-weight:600;color:var( --e-global-color-fd063ff );}.elementor-5698 .elementor-element.elementor-element-af48b88 .elementor-heading-title a:hover, .elementor-5698 .elementor-element.elementor-element-af48b88 .elementor-heading-title a:focus{color:var( --e-global-color-secondary );}@media(max-width:1024px){.elementor-5698 .elementor-element.elementor-element-29587506{--padding-top:70px;--padding-bottom:70px;--padding-left:70px;--padding-right:70px;}}@media(max-width:767px){.elementor-5698 .elementor-element.elementor-element-29587506{--padding-top:50px;--padding-bottom:50px;--padding-left:30px;--padding-right:30px;}}<\/style>\t\t<div data-elementor-type=\"loop-item\" data-elementor-id=\"5698\" class=\"elementor elementor-5698 elementor-750 elementor-750 e-loop-item e-loop-item-5288 post-5288 galerie type-galerie status-publish has-post-thumbnail hentry\" data-elementor-post-type=\"elementor_library\" data-custom-edit-handle=\"1\">\n\t\t\t<div class=\"elementor-element elementor-element-29587506 e-con-full e-flex e-con e-parent\" data-id=\"29587506\" data-element_type=\"container\" data-e-type=\"container\" data-settings=\"{&quot;background_background&quot;:&quot;classic&quot;}\">\n\t\t<div class=\"elementor-element elementor-element-6c768c4 e-flex e-con-boxed e-con e-child\" data-id=\"6c768c4\" data-element_type=\"container\" data-e-type=\"container\">\n\t\t\t\t\t<div class=\"e-con-inner\">\n\t\t\t\t<div class=\"elementor-element elementor-element-af48b88 elementor-widget elementor-widget-theme-post-title elementor-page-title elementor-widget-heading\" data-id=\"af48b88\" data-element_type=\"widget\" data-e-type=\"widget\" data-widget_type=\"theme-post-title.default\">\n\t\t\t\t<div class=\"elementor-widget-container\">\n\t\t\t\t\t<h2 class=\"elementor-heading-title elementor-size-default\"><a href=\"https:\/\/gpclimat-fribourg.ch\/?p=5288\">13 janvier 2026 &#8211; D\u00e9p\u00f4t des signatures contre la LAFE \u00e0 la Chancellerie d\u2019Etat<\/a><\/h2>\t\t\t\t<\/div>\n\t\t\t\t<\/div>\n\t\t\t\t\t<\/div>\n\t\t\t\t<\/div>\n\t\t\t\t<\/div>\n\t\t\t\t<\/div>\n\t\t<style id=\"loop-dynamic-5698\">.e-loop-item-741 .elementor-element.elementor-element-29587506:not(.elementor-motion-effects-element-type-background), .e-loop-item-741 .elementor-element.elementor-element-29587506 > .elementor-motion-effects-container > .elementor-motion-effects-layer{background-image:url(\"https:\/\/gpclimat-fribourg.ch\/wp-content\/uploads\/2024\/11\/pexels-centre-for-ageing-better-55954677-9729881.png\");}<\/style>\t\t<div data-elementor-type=\"loop-item\" data-elementor-id=\"5698\" class=\"elementor elementor-5698 elementor-750 elementor-750 e-loop-item e-loop-item-741 post-741 galerie type-galerie status-publish has-post-thumbnail hentry\" data-elementor-post-type=\"elementor_library\" data-custom-edit-handle=\"1\">\n\t\t\t<div class=\"elementor-element elementor-element-29587506 e-con-full e-flex e-con e-parent\" data-id=\"29587506\" data-element_type=\"container\" data-e-type=\"container\" data-settings=\"{&quot;background_background&quot;:&quot;classic&quot;}\">\n\t\t<div class=\"elementor-element elementor-element-6c768c4 e-flex e-con-boxed e-con e-child\" data-id=\"6c768c4\" data-element_type=\"container\" data-e-type=\"container\">\n\t\t\t\t\t<div class=\"e-con-inner\">\n\t\t\t\t<div class=\"elementor-element elementor-element-af48b88 elementor-widget elementor-widget-theme-post-title elementor-page-title elementor-widget-heading\" data-id=\"af48b88\" data-element_type=\"widget\" data-e-type=\"widget\" data-widget_type=\"theme-post-title.default\">\n\t\t\t\t<div class=\"elementor-widget-container\">\n\t\t\t\t\t<h2 class=\"elementor-heading-title elementor-size-default\"><a href=\"https:\/\/gpclimat-fribourg.ch\/?p=741\">2 novembre 2024 &#8211; Les 10 ans des Grands-parents pour le climat<\/a><\/h2>\t\t\t\t<\/div>\n\t\t\t\t<\/div>\n\t\t\t\t\t<\/div>\n\t\t\t\t<\/div>\n\t\t\t\t<\/div>\n\t\t\t\t<\/div>\n\t\t\t\t<\/div>\n\t\t\n\t\t\t\t\t\t<\/div>\n\t\t\t\t<\/div>\n\t\t\t\t\t<\/div>\n\t\t\t\t<\/div>\n\t\t\t\t\t<\/div>\n\t\t\t\t<\/div>\n\t\t\t\t<\/div>\n\t\t","protected":false},"excerpt":{"rendered":"<p>Fotogalerien<\/p>\n","protected":false},"author":1,"featured_media":0,"parent":5340,"menu_order":0,"comment_status":"closed","ping_status":"closed","template":"","meta":{"_acf_changed":false,"footnotes":""},"class_list":["post-5577","page","type-page","status-publish","hentry"],"acf":[],"_links":{"self":[{"href":"https:\/\/gpclimat-fribourg.ch\/de\/wp-json\/wp\/v2\/pages\/5577","targetHints":{"allow":["GET"]}}],"collection":[{"href":"https:\/\/gpclimat-fribourg.ch\/de\/wp-json\/wp\/v2\/pages"}],"about":[{"href":"https:\/\/gpclimat-fribourg.ch\/de\/wp-json\/wp\/v2\/types\/page"}],"author":[{"embeddable":true,"href":"https:\/\/gpclimat-fribourg.ch\/de\/wp-json\/wp\/v2\/users\/1"}],"replies":[{"embeddable":true,"href":"https:\/\/gpclimat-fribourg.ch\/de\/wp-json\/wp\/v2\/comments?post=5577"}],"version-history":[{"count":1,"href":"https:\/\/gpclimat-fribourg.ch\/de\/wp-json\/wp\/v2\/pages\/5577\/revisions"}],"predecessor-version":[{"id":5578,"href":"https:\/\/gpclimat-fribourg.ch\/de\/wp-json\/wp\/v2\/pages\/5577\/revisions\/5578"}],"up":[{"embeddable":true,"href":"https:\/\/gpclimat-fribourg.ch\/de\/wp-json\/wp\/v2\/pages\/5340"}],"wp:attachment":[{"href":"https:\/\/gpclimat-fribourg.ch\/de\/wp-json\/wp\/v2\/media?parent=5577"}],"curies":[{"name":"wp","href":"https:\/\/api.w.org\/{rel}","templated":true}]}}