{"id":5572,"date":"2025-08-21T01:17:14","date_gmt":"2025-08-20T23:17:14","guid":{"rendered":"https:\/\/gpclimat-fribourg.ch\/dokumente-fotos-links\/links\/"},"modified":"2026-04-19T23:21:13","modified_gmt":"2026-04-19T21:21:13","slug":"links","status":"publish","type":"page","link":"https:\/\/gpclimat-fribourg.ch\/de\/dokumente-fotos-links\/links\/","title":{"rendered":"Links"},"content":{"rendered":"\t\t<div data-elementor-type=\"wp-page\" data-elementor-id=\"5572\" class=\"elementor elementor-5572 elementor-1267\" data-elementor-post-type=\"page\">\n\t\t\t\t<div class=\"elementor-element elementor-element-cff2779 e-flex e-con-boxed e-con e-parent\" data-id=\"cff2779\" data-element_type=\"container\" data-e-type=\"container\">\n\t\t\t\t\t<div class=\"e-con-inner\">\n\t\t\t\t<div class=\"elementor-element elementor-element-caf5851 elementor-widget__width-initial elementor-widget elementor-widget-heading\" data-id=\"caf5851\" data-element_type=\"widget\" data-e-type=\"widget\" data-widget_type=\"heading.default\">\n\t\t\t\t<div class=\"elementor-widget-container\">\n\t\t\t\t\t<h1 class=\"elementor-heading-title elementor-size-default\">Links<\/h1>\t\t\t\t<\/div>\n\t\t\t\t<\/div>\n\t\t\t\t<div class=\"elementor-element elementor-element-e7379a1 elementor-widget__width-initial elementor-widget elementor-widget-shortcode\" data-id=\"e7379a1\" data-element_type=\"widget\" data-e-type=\"widget\" data-widget_type=\"shortcode.default\">\n\t\t\t\t<div class=\"elementor-widget-container\">\n\t\t\t\t\t\t\t<div class=\"elementor-shortcode\"><nav aria-label=\"breadcrumbs\" class=\"rank-math-breadcrumb\"><p><span class=\"last\">Page d&#039;accueil<\/span><\/p><\/nav><\/div>\n\t\t\t\t\t\t<\/div>\n\t\t\t\t<\/div>\n\t\t\t\t\t<\/div>\n\t\t\t\t<\/div>\n\t\t<div class=\"elementor-element elementor-element-f1ebe1e e-grid e-con-boxed e-con e-parent\" data-id=\"f1ebe1e\" data-element_type=\"container\" data-e-type=\"container\">\n\t\t\t\t\t<div class=\"e-con-inner\">\n\t\t<div class=\"elementor-element elementor-element-2d9dd6d e-con-full e-flex e-con e-child\" data-id=\"2d9dd6d\" data-element_type=\"container\" data-e-type=\"container\">\n\t\t\t\t<div class=\"elementor-element elementor-element-5693576 elementor-widget elementor-widget-heading\" data-id=\"5693576\" data-element_type=\"widget\" data-e-type=\"widget\" data-widget_type=\"heading.default\">\n\t\t\t\t<div class=\"elementor-widget-container\">\n\t\t\t\t\t<h2 class=\"elementor-heading-title elementor-size-default\">Klima<\/h2>\t\t\t\t<\/div>\n\t\t\t\t<\/div>\n\t\t\t\t<div class=\"elementor-element elementor-element-3b33ab2 elementor-widget elementor-widget-text-editor\" data-id=\"3b33ab2\" data-element_type=\"widget\" data-e-type=\"widget\" data-widget_type=\"text-editor.default\">\n\t\t\t\t<div class=\"elementor-widget-container\">\n\t\t\t\t\t\t\t\t\t<ul><li><a href=\"https:\/\/www.gpclimat.ch\/fr\/\" target=\"_blank\" rel=\"noopener\">Grosseltern f\u00fcr das Klima CH<\/a><\/li><li><a href=\"https:\/\/www.facebook.com\/parentsfribourgclimat\/\" target=\"_blank\" rel=\"noopener\">Eltern f\u00fcr das Klima Freiburg<\/a> <\/li><li><a href=\"https:\/\/ainees-climat.ch\/\" target=\"_blank\" rel=\"noopener\">Die \u00c4lteren f\u00fcr das Klima<\/a><\/li><li><a href=\"https:\/\/alliance-climatique.ch\/\" target=\"_blank\" rel=\"noopener\">Klima-Allianz Schweiz<\/a><\/li><li>Stadt Freiburg: <a href=\"https:\/\/www.ville-fribourg.ch\/durabilite\" target=\"_blank\" rel=\"noopener\">Nachhaltigkeit<\/a> und <a href=\"https:\/\/www.ville-fribourg.ch\/plan-climat\" target=\"_blank\" rel=\"noopener\">Kommunaler Klimaplan<\/a><\/li><\/ul><ul><li><a href=\"https:\/\/www.fr.ch\/energie-agriculture-et-environnement\/climat\/plan-climat-cantonal\" target=\"_blank\" rel=\"noopener\">Kantonaler Klimaplan<\/a><\/li><li><a href=\"https:\/\/monplanclimat.ch\/\" target=\"_blank\" rel=\"noopener\">Mein Klimaplan<\/a> \u2013 Eine interkantonale Plattform f\u00fcr das Klima<\/li><li><a href=\"https:\/\/semaineduclimat.ch\/\" target=\"_blank\" rel=\"noopener\">Die Klimawoche<\/a><\/li><li><a href=\"https:\/\/www.archiclimat.ch\" target=\"_blank\" rel=\"noopener\">ArchiClimat<\/a> \u2013 Architekten f\u00fcr das Klima<\/li><\/ul>\t\t\t\t\t\t\t\t<\/div>\n\t\t\t\t<\/div>\n\t\t\t\t<div class=\"elementor-element elementor-element-9e54b4e elementor-widget elementor-widget-heading\" data-id=\"9e54b4e\" data-element_type=\"widget\" data-e-type=\"widget\" data-widget_type=\"heading.default\">\n\t\t\t\t<div class=\"elementor-widget-container\">\n\t\t\t\t\t<h2 class=\"elementor-heading-title elementor-size-default\">Suffizienz<\/h2>\t\t\t\t<\/div>\n\t\t\t\t<\/div>\n\t\t\t\t<div class=\"elementor-element elementor-element-6622ab5 elementor-widget elementor-widget-text-editor\" data-id=\"6622ab5\" data-element_type=\"widget\" data-e-type=\"widget\" data-widget_type=\"text-editor.default\">\n\t\t\t\t<div class=\"elementor-widget-container\">\n\t\t\t\t\t\t\t\t\t<p>Die Links finden Sie auf der Seite <a href=\"https:\/\/gpclimat-fribourg.ch\/de\/suffizienz\/#liens_sobriete\">Engagements\/Suffizienz<\/a><\/p>\t\t\t\t\t\t\t\t<\/div>\n\t\t\t\t<\/div>\n\t\t\t\t<div class=\"elementor-element elementor-element-8b7aaab elementor-widget elementor-widget-heading\" data-id=\"8b7aaab\" data-element_type=\"widget\" data-e-type=\"widget\" data-widget_type=\"heading.default\">\n\t\t\t\t<div class=\"elementor-widget-container\">\n\t\t\t\t\t<h2 class=\"elementor-heading-title elementor-size-default\">Ern\u00e4hrung<\/h2>\t\t\t\t<\/div>\n\t\t\t\t<\/div>\n\t\t\t\t<div class=\"elementor-element elementor-element-58d5a76 elementor-widget elementor-widget-text-editor\" data-id=\"58d5a76\" data-element_type=\"widget\" data-e-type=\"widget\" data-widget_type=\"text-editor.default\">\n\t\t\t\t<div class=\"elementor-widget-container\">\n\t\t\t\t\t\t\t\t\t<ul><li><a href=\"https:\/\/epifri.ch\/\" target=\"_blank\" rel=\"noopener\">EpiFri<\/a> \u2013 Verband der unabh\u00e4ngigen Lebensmittelgesch\u00e4fte in Freiburg<\/li><li><a href=\"https:\/\/www.loisirs.ch\/dossiers\/30107\/plus-de-50-adresses-ou-acheter-des-produits-bio-locaux-et-sains-a-fribourg#:~:text=Vente%20directe%20%C3%A0%20la%20ferme%2C%20livraison%20de%20paniers,cachent%20%C3%A0%20deux%20pas%20de%20chez%20vous%20%21\" target=\"_blank\" rel=\"noopener\">Wo Sie in Freiburg Bio-, lokale und gesunde Produkte kaufen k\u00f6nnen<\/a><\/li><li>Wie man sich gesund ern\u00e4hrt und gleichzeitig den CO2-Fu\u00dfabdruck unserer Ern\u00e4hrung reduziert: <a href=\"https:\/\/hubdespossibles.org\/podcast-2040-jy-vais11-une-alimentation-saine-pour-nous-et-pour-la-planete\/\" target=\"_blank\" rel=\"noopener\">Podcast<\/a> \u201eEine gesunde Ern\u00e4hrung f\u00fcr uns und f\u00fcr den Planeten\u201c des Vereins \u201eLe Hub des possibles\u201c<\/li><\/ul>\t\t\t\t\t\t\t\t<\/div>\n\t\t\t\t<\/div>\n\t\t\t\t<\/div>\n\t\t<div class=\"elementor-element elementor-element-8aa52bb e-con-full e-flex e-con e-child\" data-id=\"8aa52bb\" data-element_type=\"container\" data-e-type=\"container\">\n\t\t\t\t<div class=\"elementor-element elementor-element-9ce47c0 elementor-widget elementor-widget-heading\" data-id=\"9ce47c0\" data-element_type=\"widget\" data-e-type=\"widget\" data-widget_type=\"heading.default\">\n\t\t\t\t<div class=\"elementor-widget-container\">\n\t\t\t\t\t<h2 class=\"elementor-heading-title elementor-size-default\">Mobilit\u00e4t<\/h2>\t\t\t\t<\/div>\n\t\t\t\t<\/div>\n\t\t\t\t<div class=\"elementor-element elementor-element-13b4c1c elementor-widget elementor-widget-text-editor\" data-id=\"13b4c1c\" data-element_type=\"widget\" data-e-type=\"widget\" data-widget_type=\"text-editor.default\">\n\t\t\t\t<div class=\"elementor-widget-container\">\n\t\t\t\t\t\t\t\t\t<ul><li><a href=\"https:\/\/www.frimobility.ch\/\" target=\"_blank\" rel=\"noopener\">Frimobility<\/a> \u2013 Fahrgemeinschaften f\u00fcr alle<\/li><li><a href=\"https:\/\/www.e-covoiturage.ch\/mobile\/index.php\" target=\"_blank\" rel=\"noopener\">E-covoiturage<\/a> \u2013 Fahrgemeinschaften, der richtige Reflex<\/li><li><a href=\"https:\/\/www.fr.ch\/mobilite-et-transport\/transports-individuels-motorises\/covoiturage-et-mobilite-partagee\" target=\"_blank\" rel=\"noopener\">Informationen des Staates Freiburg<\/a> \u00fcber Fahrgemeinschaften und geteilte Mobilit\u00e4t<\/li><li><a href=\"https:\/\/mobility.ch\/fr\" target=\"_blank\" rel=\"noopener\">Mobility<\/a> \u2013 DAS Carsharing in der Schweiz<\/li><\/ul>\t\t\t\t\t\t\t\t<\/div>\n\t\t\t\t<\/div>\n\t\t\t\t<div class=\"elementor-element elementor-element-f91b4e8 elementor-widget elementor-widget-heading\" data-id=\"f91b4e8\" data-element_type=\"widget\" data-e-type=\"widget\" data-widget_type=\"heading.default\">\n\t\t\t\t<div class=\"elementor-widget-container\">\n\t\t\t\t\t<h2 class=\"elementor-heading-title elementor-size-default\">Anti-Verschwendung, Wiederverwendung, Ausleihe<\/h2>\t\t\t\t<\/div>\n\t\t\t\t<\/div>\n\t\t\t\t<div class=\"elementor-element elementor-element-a0c453f elementor-widget elementor-widget-text-editor\" data-id=\"a0c453f\" data-element_type=\"widget\" data-e-type=\"widget\" data-widget_type=\"text-editor.default\">\n\t\t\t\t<div class=\"elementor-widget-container\">\n\t\t\t\t\t\t\t\t\t<ul><li><a href=\"https:\/\/lafabriquefribourg.ch\/\" target=\"_blank\" rel=\"noopener\">La Fabrique<\/a> \u2013 <strong>Bewahren, weitergeben, aufwerten<\/strong> \u2013 ist ein Kollektiv von Freiburger Vereinen, das im Januar 2023 gegr\u00fcndet wurde und auf dem Gel\u00e4nde der ehemaligen Poya-Kaserne im Herzen der Stadt Freiburg angesiedelt ist. <br>Dort finden Sie unter anderem: <a href=\"https:\/\/www.la-ressourcerie.ch\/\" target=\"_blank\" rel=\"noopener\">La ressourcerie<\/a> (Wiederverwenden, Wiedereinsetzen, Lagern), <a href=\"https:\/\/caseastock.ch\/fr\" target=\"_blank\" rel=\"noopener\">La CASEASTOCK<\/a> (Objektbibliothek) und weitere Vereine.<\/li><\/ul>\t\t\t\t\t\t\t\t<\/div>\n\t\t\t\t<\/div>\n\t\t\t\t<div class=\"elementor-element elementor-element-c1c2c36 elementor-widget elementor-widget-heading\" data-id=\"c1c2c36\" data-element_type=\"widget\" data-e-type=\"widget\" data-widget_type=\"heading.default\">\n\t\t\t\t<div class=\"elementor-widget-container\">\n\t\t\t\t\t<h2 class=\"elementor-heading-title elementor-size-default\">Weitere Organisationen und Vereine<\/h2>\t\t\t\t<\/div>\n\t\t\t\t<\/div>\n\t\t\t\t<div class=\"elementor-element elementor-element-a3ab7cd elementor-widget elementor-widget-text-editor\" data-id=\"a3ab7cd\" data-element_type=\"widget\" data-e-type=\"widget\" data-widget_type=\"text-editor.default\">\n\t\t\t\t<div class=\"elementor-widget-container\">\n\t\t\t\t\t\t\t\t\t<ul><li><a href=\"https:\/\/artisansdelatransition.org\/\" target=\"_blank\" rel=\"noopener\">Artisans de la transition<\/a> und seine \u201e<a href=\"https:\/\/artisansdelatransition.org\/larevuedurable\/numeros\" target=\"_blank\" rel=\"noopener\">Nachhaltigen Zeitschriften<\/a>\u201c<\/li><li><a href=\"https:\/\/www.publiceye.ch\/fr\/\" target=\"_blank\" rel=\"noopener\">Public Eye<\/a> wirft einen kritischen Blick auf die Auswirkungen der Schweiz und ihrer Unternehmen auf wirtschaftlich benachteiligte L\u00e4nder. Durch Recherche-, Advocacy- und Kampagnenarbeit prangern wir Ungerechtigkeiten an, die ihren Ursprung in der Schweiz haben <\/li><li><a href=\"https:\/\/hubdespossibles.org\/\" target=\"_blank\" rel=\"noopener\">Le hub des possibles<\/a> ist ein \u201eThink-and-Be Tank\u201c, der Einzelpersonen und Organisationen (Unternehmen, \u00f6ffentliche Verwaltung, Nichtregierungsorganisationen) dabei unterst\u00fctzt, eine Haltung des klaren Optimismus einzunehmen und sich f\u00fcr Umwelt- und Sozialthemen zu engagieren.<\/li><\/ul>\t\t\t\t\t\t\t\t<\/div>\n\t\t\t\t<\/div>\n\t\t\t\t<\/div>\n\t\t\t\t\t<\/div>\n\t\t\t\t<\/div>\n\t\t\t\t<\/div>\n\t\t","protected":false},"excerpt":{"rendered":"<p>Links Klima Grosseltern f\u00fcr das Klima CH Eltern f\u00fcr das Klima Freiburg Die \u00c4lteren f\u00fcr das Klima Klima-Allianz Schweiz Stadt Freiburg: Nachhaltigkeit und Kommunaler Klimaplan Kantonaler Klimaplan Mein Klimaplan \u2013 [&hellip;]<\/p>\n","protected":false},"author":1,"featured_media":0,"parent":5340,"menu_order":0,"comment_status":"closed","ping_status":"closed","template":"","meta":{"_acf_changed":false,"footnotes":""},"class_list":["post-5572","page","type-page","status-publish","hentry"],"acf":[],"_links":{"self":[{"href":"https:\/\/gpclimat-fribourg.ch\/de\/wp-json\/wp\/v2\/pages\/5572","targetHints":{"allow":["GET"]}}],"collection":[{"href":"https:\/\/gpclimat-fribourg.ch\/de\/wp-json\/wp\/v2\/pages"}],"about":[{"href":"https:\/\/gpclimat-fribourg.ch\/de\/wp-json\/wp\/v2\/types\/page"}],"author":[{"embeddable":true,"href":"https:\/\/gpclimat-fribourg.ch\/de\/wp-json\/wp\/v2\/users\/1"}],"replies":[{"embeddable":true,"href":"https:\/\/gpclimat-fribourg.ch\/de\/wp-json\/wp\/v2\/comments?post=5572"}],"version-history":[{"count":1,"href":"https:\/\/gpclimat-fribourg.ch\/de\/wp-json\/wp\/v2\/pages\/5572\/revisions"}],"predecessor-version":[{"id":5573,"href":"https:\/\/gpclimat-fribourg.ch\/de\/wp-json\/wp\/v2\/pages\/5572\/revisions\/5573"}],"up":[{"embeddable":true,"href":"https:\/\/gpclimat-fribourg.ch\/de\/wp-json\/wp\/v2\/pages\/5340"}],"wp:attachment":[{"href":"https:\/\/gpclimat-fribourg.ch\/de\/wp-json\/wp\/v2\/media?parent=5572"}],"curies":[{"name":"wp","href":"https:\/\/api.w.org\/{rel}","templated":true}]}}