{"id":5563,"date":"2025-08-20T23:44:47","date_gmt":"2025-08-20T21:44:47","guid":{"rendered":"https:\/\/gpclimat-fribourg.ch\/ueberwachung-der-klimapolitik\/"},"modified":"2026-04-19T23:21:47","modified_gmt":"2026-04-19T21:21:47","slug":"ueberwachung-der-klimapolitik","status":"publish","type":"page","link":"https:\/\/gpclimat-fribourg.ch\/de\/engagements\/ueberwachung-der-klimapolitik\/","title":{"rendered":"\u00dcberwachung der Klimapolitik"},"content":{"rendered":"\t\t<div data-elementor-type=\"wp-page\" data-elementor-id=\"5563\" class=\"elementor elementor-5563 elementor-1211\" data-elementor-post-type=\"page\">\n\t\t\t\t<div class=\"elementor-element elementor-element-82c54be e-flex e-con-boxed e-con e-parent\" data-id=\"82c54be\" data-element_type=\"container\" data-e-type=\"container\">\n\t\t\t\t\t<div class=\"e-con-inner\">\n\t\t<div class=\"elementor-element elementor-element-3c14c42 e-con-full e-flex e-con e-child\" data-id=\"3c14c42\" data-element_type=\"container\" data-e-type=\"container\">\n\t\t<div class=\"elementor-element elementor-element-4745b2e e-con-full e-flex elementor-invisible e-con e-child\" data-id=\"4745b2e\" data-element_type=\"container\" data-e-type=\"container\" data-settings=\"{&quot;background_background&quot;:&quot;classic&quot;,&quot;animation&quot;:&quot;fadeIn&quot;}\">\n\t\t\t\t<div class=\"elementor-element elementor-element-22b5368 elementor-widget elementor-widget-text-editor\" data-id=\"22b5368\" data-element_type=\"widget\" data-e-type=\"widget\" data-widget_type=\"text-editor.default\">\n\t\t\t\t<div class=\"elementor-widget-container\">\n\t\t\t\t\t\t\t\t\t<p class=\"p2\">Der Kanton Freiburg hat in seinem Klimagesetz die Ziele \u00fcbernommen, seine direkten Treibhausgasemissionen bis 2030 um 50 % zu reduzieren und bis 2050 Netto-Null-Emissionen zu erreichen. Die Gruppe \u201eKlimapolitik-Monitoring\u201c hat es sich zum Ziel gesetzt, den kantonalen Klimaplan sowie s\u00e4mtliche sektorale Politiken, Strategien und Ma\u00dfnahmenpl\u00e4ne zu begleiten, um festzustellen, ob der Kanton in der Lage ist, seine Ziele zu erreichen.<\/p><p class=\"p2\">Die Gruppe m\u00f6chte auch zur Konsolidierung und Weiterentwicklung der kantonalen Klimapolitik beitragen. Sie macht daher Vorschl\u00e4ge und kn\u00fcpft Kontakte zu den Beh\u00f6rden (Exekutive und Legislative), den zust\u00e4ndigen Verwaltungen, den Organisationen, die sich um die Verschlechterung des Klimas und der Umwelt sorgen, und der Zivilgesellschaft im Allgemeinen.<\/p>\t\t\t\t\t\t\t\t<\/div>\n\t\t\t\t<\/div>\n\t\t\t\t<\/div>\n\t\t\t\t<\/div>\n\t\t<div class=\"elementor-element elementor-element-2374474 e-con-full e-flex e-con e-child\" data-id=\"2374474\" data-element_type=\"container\" data-e-type=\"container\">\n\t\t\t\t<div class=\"elementor-element elementor-element-3c65532 elementor-widget__width-inherit elementor-widget elementor-widget-shortcode\" data-id=\"3c65532\" data-element_type=\"widget\" data-e-type=\"widget\" data-widget_type=\"shortcode.default\">\n\t\t\t\t<div class=\"elementor-widget-container\">\n\t\t\t\t\t\t\t<div class=\"elementor-shortcode\"><nav aria-label=\"breadcrumbs\" class=\"rank-math-breadcrumb\"><p><span class=\"last\">Page d&#039;accueil<\/span><\/p><\/nav><\/div>\n\t\t\t\t\t\t<\/div>\n\t\t\t\t<\/div>\n\t\t\t\t<div class=\"elementor-element elementor-element-7d1e7c8 elementor-widget__width-inherit elementor-widget elementor-widget-heading\" data-id=\"7d1e7c8\" data-element_type=\"widget\" data-e-type=\"widget\" data-widget_type=\"heading.default\">\n\t\t\t\t<div class=\"elementor-widget-container\">\n\t\t\t\t\t<h1 class=\"elementor-heading-title elementor-size-default\">\u00dcberwachung der Klimapolitik<\/h1>\t\t\t\t<\/div>\n\t\t\t\t<\/div>\n\t\t\t\t<div class=\"elementor-element elementor-element-af7841f elementor-widget elementor-widget-text-editor\" data-id=\"af7841f\" data-element_type=\"widget\" data-e-type=\"widget\" data-widget_type=\"text-editor.default\">\n\t\t\t\t<div class=\"elementor-widget-container\">\n\t\t\t\t\t\t\t\t\t<p class=\"p2\">Die Gruppe \u201eKlimapolitik-Monitoring\u201c setzt sich aus Mitgliedern zusammen, die ihre Erfahrung aus verschiedenen Bereichen nutzen, um die kantonale Klimapolitik kritisch zu begleiten und Vorschl\u00e4ge zu deren Konsolidierung zu erarbeiten. Sie steht allen Interessierten offen.<\/p>\t\t\t\t\t\t\t\t<\/div>\n\t\t\t\t<\/div>\n\t\t\t\t<\/div>\n\t\t\t\t\t<\/div>\n\t\t\t\t<\/div>\n\t\t<div class=\"elementor-element elementor-element-f04fcad e-grid e-con-boxed e-con e-parent\" data-id=\"f04fcad\" data-element_type=\"container\" data-e-type=\"container\">\n\t\t\t\t\t<div class=\"e-con-inner\">\n\t\t<div class=\"elementor-element elementor-element-aaa5c45 e-con-full e-flex e-con e-child\" data-id=\"aaa5c45\" data-element_type=\"container\" data-e-type=\"container\">\n\t\t\t\t<div class=\"elementor-element elementor-element-adfeb99 elementor-widget__width-initial elementor-widget elementor-widget-image\" data-id=\"adfeb99\" data-element_type=\"widget\" data-e-type=\"widget\" data-widget_type=\"image.default\">\n\t\t\t\t<div class=\"elementor-widget-container\">\n\t\t\t\t\t\t\t\t\t\t\t\t\t\t\t<img fetchpriority=\"high\" decoding=\"async\" width=\"665\" height=\"885\" src=\"https:\/\/gpclimat-fribourg.ch\/wp-content\/uploads\/2026\/02\/2026_02-LivreBlancCouverture.jpg\" class=\"attachment-medium_large size-medium_large wp-image-5570\" alt=\"\" srcset=\"https:\/\/gpclimat-fribourg.ch\/wp-content\/uploads\/2026\/02\/2026_02-LivreBlancCouverture.jpg 665w, https:\/\/gpclimat-fribourg.ch\/wp-content\/uploads\/2026\/02\/2026_02-LivreBlancCouverture-225x300.jpg 225w\" sizes=\"(max-width: 665px) 100vw, 665px\" \/>\t\t\t\t\t\t\t\t\t\t\t\t\t\t\t<\/div>\n\t\t\t\t<\/div>\n\t\t\t\t<\/div>\n\t\t<div class=\"elementor-element elementor-element-77681ba e-con-full e-flex e-con e-child\" data-id=\"77681ba\" data-element_type=\"container\" data-e-type=\"container\">\n\t\t\t\t<div class=\"elementor-element elementor-element-f1b3bb2 elementor-widget elementor-widget-heading\" data-id=\"f1b3bb2\" data-element_type=\"widget\" data-e-type=\"widget\" data-widget_type=\"heading.default\">\n\t\t\t\t<div class=\"elementor-widget-container\">\n\t\t\t\t\t<h2 class=\"elementor-heading-title elementor-size-default\">Das Wei\u00dfbuch<\/h2>\t\t\t\t<\/div>\n\t\t\t\t<\/div>\n\t\t\t\t<div class=\"elementor-element elementor-element-c607f1d elementor-widget__width-initial elementor-widget elementor-widget-text-editor\" data-id=\"c607f1d\" data-element_type=\"widget\" data-e-type=\"widget\" data-widget_type=\"text-editor.default\">\n\t\t\t\t<div class=\"elementor-widget-container\">\n\t\t\t\t\t\t\t\t\t<p class=\"p2\">Die Gruppe hat im Jahr 2023 ein <span class=\"s2\"><b>WEISSBUCH<\/b><\/span> mit dem Titel \u201eFaire sa part face au d\u00e9r\u00e8glement climatique\u201c (Seinen Teil angesichts des Klimawandels beitragen) ver\u00f6ffentlicht, das regelm\u00e4\u00dfig aktualisiert wird. Sie bem\u00fcht sich, ihre Analyse der kantonalen Klimapolitik und ihre Vorschl\u00e4ge so weit wie m\u00f6glich bekannt zu machen, indem sie<\/p><p class=\"p3\">\u2022 Debatten \u00fcber Fragen im Zusammenhang mit der kantonalen Klimapolitik organisiert<\/p><p class=\"p3\">\u2022 die Bev\u00f6lkerung mobilisiert, um die kantonale Klimapolitik zu st\u00e4rken<\/p><p class=\"p3\">\u2022 die politischen Beh\u00f6rden und die kantonalen Wirtschaftskreise dazu ermutigt, sich f\u00fcr Klima und Umwelt einzusetzen.<\/p>\t\t\t\t\t\t\t\t<\/div>\n\t\t\t\t<\/div>\n\t\t\t\t<div class=\"elementor-element elementor-element-2de5324 elementor-widget elementor-widget-button\" data-id=\"2de5324\" data-element_type=\"widget\" data-e-type=\"widget\" data-widget_type=\"button.default\">\n\t\t\t\t<div class=\"elementor-widget-container\">\n\t\t\t\t\t\t\t\t\t<div class=\"elementor-button-wrapper\">\n\t\t\t\t\t<a class=\"elementor-button elementor-button-link elementor-size-sm\" href=\"https:\/\/gpclimat-fribourg.ch\/wp-content\/uploads\/2026\/02\/2026_02-LivreBlanc.pdf\" target=\"_blank\">\n\t\t\t\t\t\t<span class=\"elementor-button-content-wrapper\">\n\t\t\t\t\t\t\t\t\t<span class=\"elementor-button-text\">Zum Wei\u00dfbuch<\/span>\n\t\t\t\t\t<\/span>\n\t\t\t\t\t<\/a>\n\t\t\t\t<\/div>\n\t\t\t\t\t\t\t\t<\/div>\n\t\t\t\t<\/div>\n\t\t\t\t<div class=\"elementor-element elementor-element-cc708d4 elementor-widget elementor-widget-text-editor\" data-id=\"cc708d4\" data-element_type=\"widget\" data-e-type=\"widget\" data-widget_type=\"text-editor.default\">\n\t\t\t\t<div class=\"elementor-widget-container\">\n\t\t\t\t\t\t\t\t\t<p>Bis zur deutschen \u00dcbersetzung unserer Website ist <strong>die deutsche Version<\/strong> des Wei\u00dfbuchs unter <a href=\"https:\/\/gpclimat-info.ch\/gpclimat\/fribourg\/weissbuch_klimagrosseltern-freiburg.pdf\" target=\"_blank\" rel=\"noopener\">dieser Adresse<\/a> verf\u00fcgbar. Es handelt sich jedoch um die Version vom M\u00e4rz 2025, die noch nicht aktualisiert wurde.<\/p>\t\t\t\t\t\t\t\t<\/div>\n\t\t\t\t<\/div>\n\t\t\t\t<div class=\"elementor-element elementor-element-ad382b1 elementor-align-center elementor-widget__width-inherit elementor-widget elementor-widget-button\" data-id=\"ad382b1\" data-element_type=\"widget\" data-e-type=\"widget\" data-widget_type=\"button.default\">\n\t\t\t\t<div class=\"elementor-widget-container\">\n\t\t\t\t\t\t\t\t\t<div class=\"elementor-button-wrapper\">\n\t\t\t\t\t<a class=\"elementor-button elementor-button-link elementor-size-sm\" href=\"https:\/\/gpclimat-fribourg.ch\/de\/ueberwachung-der-klimapolitik\/aktionen\/\">\n\t\t\t\t\t\t<span class=\"elementor-button-content-wrapper\">\n\t\t\t\t\t\t\t\t\t<span class=\"elementor-button-text\">-&gt; Unsere Aktionen<\/span>\n\t\t\t\t\t<\/span>\n\t\t\t\t\t<\/a>\n\t\t\t\t<\/div>\n\t\t\t\t\t\t\t\t<\/div>\n\t\t\t\t<\/div>\n\t\t\t\t<\/div>\n\t\t\t\t\t<\/div>\n\t\t\t\t<\/div>\n\t\t<div class=\"elementor-element elementor-element-ef02ed3 e-flex e-con-boxed e-con e-parent\" data-id=\"ef02ed3\" data-element_type=\"container\" data-e-type=\"container\">\n\t\t\t\t\t<div class=\"e-con-inner\">\n\t\t<div class=\"elementor-element elementor-element-4847b63 e-con-full e-grid e-con e-child\" data-id=\"4847b63\" data-element_type=\"container\" data-e-type=\"container\">\n\t\t\t\t<div class=\"elementor-element elementor-element-2b5b400 elementor-widget elementor-widget-image\" data-id=\"2b5b400\" data-element_type=\"widget\" data-e-type=\"widget\" data-widget_type=\"image.default\">\n\t\t\t\t<div class=\"elementor-widget-container\">\n\t\t\t\t\t\t\t\t\t\t\t\t\t\t\t<img decoding=\"async\" src=\"https:\/\/gpclimat-fribourg.ch\/wp-content\/uploads\/elementor\/thumbs\/PolitiquesTravailEcole-rg0u7ecthenao4nmyj6o7gdatp5jwk8c1yld8z363k.jpg\" title=\"PolitikArbeitSchule\" alt=\"PolitikArbeitSchule\" loading=\"lazy\" \/>\t\t\t\t\t\t\t\t\t\t\t\t\t\t\t<\/div>\n\t\t\t\t<\/div>\n\t\t\t\t<div class=\"elementor-element elementor-element-62fad60 elementor-widget elementor-widget-image\" data-id=\"62fad60\" data-element_type=\"widget\" data-e-type=\"widget\" data-widget_type=\"image.default\">\n\t\t\t\t<div class=\"elementor-widget-container\">\n\t\t\t\t\t\t\t\t\t\t\t\t\t\t\t<img decoding=\"async\" src=\"https:\/\/gpclimat-fribourg.ch\/wp-content\/uploads\/elementor\/thumbs\/LaPleureuse-rg0u8t43qgks32lwq54iy3k6wi7dg7tu8xtl5wzwrk.jpg\" title=\"DieWeinende\" alt=\"DieWeinende\" loading=\"lazy\" \/>\t\t\t\t\t\t\t\t\t\t\t\t\t\t\t<\/div>\n\t\t\t\t<\/div>\n\t\t\t\t<\/div>\n\t\t\t\t\t<\/div>\n\t\t\t\t<\/div>\n\t\t<div class=\"elementor-element elementor-element-b558f96 e-flex e-con-boxed e-con e-parent\" data-id=\"b558f96\" data-element_type=\"container\" data-e-type=\"container\">\n\t\t\t\t\t<div class=\"e-con-inner\">\n\t\t<div class=\"elementor-element elementor-element-944bce0 e-con-full e-flex e-con e-child\" data-id=\"944bce0\" data-element_type=\"container\" data-e-type=\"container\">\n\t\t\t\t<div class=\"elementor-element elementor-element-25b0bf2 elementor-widget elementor-widget-heading\" data-id=\"25b0bf2\" data-element_type=\"widget\" data-e-type=\"widget\" data-widget_type=\"heading.default\">\n\t\t\t\t<div class=\"elementor-widget-container\">\n\t\t\t\t\t<h2 class=\"elementor-heading-title elementor-size-default\">Unsere Partner<\/h2>\t\t\t\t<\/div>\n\t\t\t\t<\/div>\n\t\t<div class=\"elementor-element elementor-element-7f881da e-con-full e-flex e-con e-child\" data-id=\"7f881da\" data-element_type=\"container\" data-e-type=\"container\">\n\t\t\t\t<div class=\"elementor-element elementor-element-75cede8 elementor-widget__width-initial elementor-widget elementor-widget-text-editor\" data-id=\"75cede8\" data-element_type=\"widget\" data-e-type=\"widget\" data-widget_type=\"text-editor.default\">\n\t\t\t\t<div class=\"elementor-widget-container\">\n\t\t\t\t\t\t\t\t\t<ul><li><a href=\"https:\/\/www.fr.ch\/energie-agriculture-et-environnement\/climat\/plan-climat-cantonal\" target=\"_blank\" rel=\"noopener\">Kantonaler Klimaplan<\/a> <\/li><li><a href=\"https:\/\/climatestrike.ch\/fr\" target=\"_blank\" rel=\"noopener\">Klimastreik<\/a> <\/li><li><a href=\"https:\/\/www.facebook.com\/parentsfribourgclimat\/\" target=\"_blank\" rel=\"noopener\">Parents pour le climat<\/a> <\/li><\/ul>\t\t\t\t\t\t\t\t<\/div>\n\t\t\t\t<\/div>\n\t\t\t\t<div class=\"elementor-element elementor-element-9ee0acb elementor-widget__width-initial elementor-widget elementor-widget-text-editor\" data-id=\"9ee0acb\" data-element_type=\"widget\" data-e-type=\"widget\" data-widget_type=\"text-editor.default\">\n\t\t\t\t<div class=\"elementor-widget-container\">\n\t\t\t\t\t\t\t\t\t\n<ul>\n \t<li><a href=\"https:\/\/www.archiclimat.ch\" target=\"_blank\" rel=\"noopener\">Architektinnen und Architekten f\u00fcr das Klima<\/a><\/li>\n \t<li><a href=\"https:\/\/www.ok-klima.ch\/fr\/\" target=\"_blank\" rel=\"noopener\">OK Climat<\/a><\/li>\n \t<li><a href=\"https:\/\/www.alliance-climatique.ch\" target=\"_blank\" rel=\"noopener\">Klima-Allianz<\/a><\/li>\n<\/ul>\t\t\t\t\t\t\t\t<\/div>\n\t\t\t\t<\/div>\n\t\t\t\t<\/div>\n\t\t\t\t<\/div>\n\t\t\t\t\t<\/div>\n\t\t\t\t<\/div>\n\t\t<div class=\"elementor-element elementor-element-cab6f88 e-flex e-con-boxed e-con e-parent\" data-id=\"cab6f88\" data-element_type=\"container\" data-e-type=\"container\">\n\t\t\t\t\t<div class=\"e-con-inner\">\n\t\t<div class=\"elementor-element elementor-element-b924c8f e-con-full e-flex e-con e-child\" data-id=\"b924c8f\" data-element_type=\"container\" data-e-type=\"container\">\n\t\t\t\t<div class=\"elementor-element elementor-element-482f677 elementor-widget elementor-widget-heading\" data-id=\"482f677\" data-element_type=\"widget\" data-e-type=\"widget\" data-widget_type=\"heading.default\">\n\t\t\t\t<div class=\"elementor-widget-container\">\n\t\t\t\t\t<h2 class=\"elementor-heading-title elementor-size-default\">Kontaktperson:<\/h2>\t\t\t\t<\/div>\n\t\t\t\t<\/div>\n\t\t\t\t<div class=\"elementor-element elementor-element-eeea12a elementor-widget elementor-widget-text-editor\" data-id=\"eeea12a\" data-element_type=\"widget\" data-e-type=\"widget\" data-widget_type=\"text-editor.default\">\n\t\t\t\t<div class=\"elementor-widget-container\">\n\t\t\t\t\t\t\t\t\t<p>Jacques Eschmann, <a href=\"mailto:jacqueschmann@bluewin.ch\">jacqueschmann@bluewin.ch<\/a><\/p>\t\t\t\t\t\t\t\t<\/div>\n\t\t\t\t<\/div>\n\t\t\t\t<\/div>\n\t\t\t\t\t<\/div>\n\t\t\t\t<\/div>\n\t\t\t\t<\/div>\n\t\t","protected":false},"excerpt":{"rendered":"<p>Der Kanton Freiburg hat in seinem Klimagesetz die Ziele \u00fcbernommen, seine direkten Treibhausgasemissionen bis 2030 um 50 % zu reduzieren und bis 2050 Netto-Null-Emissionen zu erreichen. Die Gruppe \u201eKlimapolitik-Monitoring\u201c hat [&hellip;]<\/p>\n","protected":false},"author":1,"featured_media":0,"parent":5587,"menu_order":6,"comment_status":"closed","ping_status":"closed","template":"","meta":{"_acf_changed":false,"footnotes":""},"class_list":["post-5563","page","type-page","status-publish","hentry"],"acf":[],"_links":{"self":[{"href":"https:\/\/gpclimat-fribourg.ch\/de\/wp-json\/wp\/v2\/pages\/5563","targetHints":{"allow":["GET"]}}],"collection":[{"href":"https:\/\/gpclimat-fribourg.ch\/de\/wp-json\/wp\/v2\/pages"}],"about":[{"href":"https:\/\/gpclimat-fribourg.ch\/de\/wp-json\/wp\/v2\/types\/page"}],"author":[{"embeddable":true,"href":"https:\/\/gpclimat-fribourg.ch\/de\/wp-json\/wp\/v2\/users\/1"}],"replies":[{"embeddable":true,"href":"https:\/\/gpclimat-fribourg.ch\/de\/wp-json\/wp\/v2\/comments?post=5563"}],"version-history":[{"count":1,"href":"https:\/\/gpclimat-fribourg.ch\/de\/wp-json\/wp\/v2\/pages\/5563\/revisions"}],"predecessor-version":[{"id":5571,"href":"https:\/\/gpclimat-fribourg.ch\/de\/wp-json\/wp\/v2\/pages\/5563\/revisions\/5571"}],"up":[{"embeddable":true,"href":"https:\/\/gpclimat-fribourg.ch\/de\/wp-json\/wp\/v2\/pages\/5587"}],"wp:attachment":[{"href":"https:\/\/gpclimat-fribourg.ch\/de\/wp-json\/wp\/v2\/media?parent=5563"}],"curies":[{"name":"wp","href":"https:\/\/api.w.org\/{rel}","templated":true}]}}