{"id":5549,"date":"2025-08-21T02:05:29","date_gmt":"2025-08-21T00:05:29","guid":{"rendered":"https:\/\/gpclimat-fribourg.ch\/dokumente-fotos-links\/buecher\/"},"modified":"2026-04-19T23:20:42","modified_gmt":"2026-04-19T21:20:42","slug":"buecher","status":"publish","type":"page","link":"https:\/\/gpclimat-fribourg.ch\/de\/dokumente-fotos-links\/buecher\/","title":{"rendered":"B\u00fccher"},"content":{"rendered":"\t\t<div data-elementor-type=\"wp-page\" data-elementor-id=\"5549\" class=\"elementor elementor-5549 elementor-1309\" data-elementor-post-type=\"page\">\n\t\t\t\t<div class=\"elementor-element elementor-element-670addf e-flex e-con-boxed e-con e-parent\" data-id=\"670addf\" data-element_type=\"container\" data-e-type=\"container\">\n\t\t\t\t\t<div class=\"e-con-inner\">\n\t\t\t\t<div class=\"elementor-element elementor-element-900e606 elementor-widget__width-initial elementor-widget elementor-widget-heading\" data-id=\"900e606\" data-element_type=\"widget\" data-e-type=\"widget\" data-widget_type=\"heading.default\">\n\t\t\t\t<div class=\"elementor-widget-container\">\n\t\t\t\t\t<h1 class=\"elementor-heading-title elementor-size-default\">B\u00fccher<\/h1>\t\t\t\t<\/div>\n\t\t\t\t<\/div>\n\t\t\t\t<div class=\"elementor-element elementor-element-7cb5149 elementor-widget__width-initial elementor-widget elementor-widget-shortcode\" data-id=\"7cb5149\" data-element_type=\"widget\" data-e-type=\"widget\" data-widget_type=\"shortcode.default\">\n\t\t\t\t<div class=\"elementor-widget-container\">\n\t\t\t\t\t\t\t<div class=\"elementor-shortcode\"><nav aria-label=\"breadcrumbs\" class=\"rank-math-breadcrumb\"><p><span class=\"last\">Page d&#039;accueil<\/span><\/p><\/nav><\/div>\n\t\t\t\t\t\t<\/div>\n\t\t\t\t<\/div>\n\t\t\t\t\t<\/div>\n\t\t\t\t<\/div>\n\t\t<div class=\"elementor-element elementor-element-280c27b e-flex e-con-boxed e-con e-parent\" data-id=\"280c27b\" data-element_type=\"container\" data-e-type=\"container\">\n\t\t\t\t\t<div class=\"e-con-inner\">\n\t\t\t\t<div class=\"elementor-element elementor-element-216b2dc elementor-widget elementor-widget-text-editor\" data-id=\"216b2dc\" data-element_type=\"widget\" data-e-type=\"widget\" data-widget_type=\"text-editor.default\">\n\t\t\t\t<div class=\"elementor-widget-container\">\n\t\t\t\t\t\t\t\t\t<h5><strong>Erschienen 2025<\/strong><\/h5><ul><li><a href=\"https:\/\/gpclimat-fribourg.ch\/de\/buch-oekologie-ist-eine-wissenschaft\/\" target=\"_blank\" rel=\"noopener\"><strong>L&#8217;\u00e9cologie est une science<\/strong><\/a>, von S\u00e9bastien Barot, 2025<\/li><li><a href=\"https:\/\/gpclimat-fribourg.ch\/de\/buch-utopie-kultivieren\/\" target=\"_blank\" rel=\"noopener\">Cultiver l&#8217;utopie<\/a>, von Catherine Choffat, 2025<\/li><li><a href=\"https:\/\/gpclimat-fribourg.ch\/de\/buch-ein-langer-kampf-fuer-die-seniorinnen\/\" target=\"_blank\" rel=\"noopener\">Le long combat des a\u00een\u00e9es pour le climat<\/a>, von Sevan Pearson, 2025<\/li><li><a href=\"https:\/\/gpclimat-fribourg.ch\/de\/buch-metamorphosen\/\" target=\"_blank\" rel=\"noopener\">M\u00e9taMorphoses<\/a>, Sonderausgabe der Zeitschrift Salamandre, 2025<\/li><\/ul>\t\t\t\t\t\t\t\t<\/div>\n\t\t\t\t<\/div>\n\t\t\t\t\t<\/div>\n\t\t\t\t<\/div>\n\t\t<div class=\"elementor-element elementor-element-c0848e1 e-flex e-con-boxed e-con e-parent\" data-id=\"c0848e1\" data-element_type=\"container\" data-e-type=\"container\">\n\t\t\t\t\t<div class=\"e-con-inner\">\n\t\t\t\t<div class=\"elementor-element elementor-element-0695b49 elementor-widget elementor-widget-text-editor\" data-id=\"0695b49\" data-element_type=\"widget\" data-e-type=\"widget\" data-widget_type=\"text-editor.default\">\n\t\t\t\t<div class=\"elementor-widget-container\">\n\t\t\t\t\t\t\t\t\t<h5><strong>Erschienen 2024<\/strong><\/h5><ul><li><a href=\"https:\/\/gpclimat-fribourg.ch\/de\/buch-archaeologie-der-untaetigkeit\/\" target=\"_blank\" rel=\"noopener\">Arch\u00e9ologie de l&#8217;inaction<\/a> <span id=\"productTitle\" class=\"a-size-large celwidget\" data-csa-c-id=\"51j0ye-yiet5n-21mfn6-dj1dsc\" data-cel-widget=\"productTitle\">\u2013 Warum tun wir (fast) nichts gegen die Katastrophe?, <\/span>von Fr\u00e9d\u00e9ric Samama, 2024<\/li><li><a href=\"https:\/\/gpclimat-fribourg.ch\/de\/buch-die-k-hypothese\/\" target=\"_blank\" rel=\"noopener\">L&#8217;hypoth\u00e8se K<\/a>, von Aur\u00e9lien Barrau, 2024<\/li><li><a href=\"https:\/\/gpclimat-fribourg.ch\/de\/buch-degrowth-unterwegs\/\" target=\"_blank\" rel=\"noopener\">La d\u00e9croissance, chemins faisant<\/a>, vom Kollektiv Moins!<\/li><li><a href=\"https:\/\/gpclimat-fribourg.ch\/de\/buch-en-passant\/\" target=\"_blank\" rel=\"noopener\">En passant &#8230; chroniques &amp; carnets<\/a>, von Anne-Catherine Men\u00e9trey-Savary, 2024<\/li><\/ul>\t\t\t\t\t\t\t\t<\/div>\n\t\t\t\t<\/div>\n\t\t\t\t\t<\/div>\n\t\t\t\t<\/div>\n\t\t<div class=\"elementor-element elementor-element-ab5580d e-flex e-con-boxed e-con e-parent\" data-id=\"ab5580d\" data-element_type=\"container\" data-e-type=\"container\">\n\t\t\t\t\t<div class=\"e-con-inner\">\n\t\t\t\t<div class=\"elementor-element elementor-element-07f474c elementor-widget elementor-widget-text-editor\" data-id=\"07f474c\" data-element_type=\"widget\" data-e-type=\"widget\" data-widget_type=\"text-editor.default\">\n\t\t\t\t<div class=\"elementor-widget-container\">\n\t\t\t\t\t\t\t\t\t<h5>Erschienen 2023<\/h5><ul><li><a href=\"https:\/\/gpclimat-fribourg.ch\/de\/buch-les-utopiennes\/\" target=\"_blank\" rel=\"noopener\">Les Utopiennes<\/a>, Kollektiv, 2023<\/li><li><a href=\"https:\/\/gpclimat-fribourg.ch\/de\/buch-politik-der-suffizienz\/\" target=\"_blank\" rel=\"noopener\">Politiques de sobri\u00e9t\u00e9<\/a>, von Bruno Villalba, 2023<\/li><li><a href=\"https:\/\/gpclimat-fribourg.ch\/de\/buch-genuegsamkeit-die-wahre\/\" target=\"_blank\" rel=\"noopener\">Sobri\u00e9t\u00e9 (la vraie)<\/a>, von Vincent Liegey und Isabelle Brokman<\/li><li><a href=\"https:\/\/gpclimat-fribourg.ch\/de\/buch-weniger-ist-weniger\/\" target=\"_blank\" rel=\"noopener\">Moins c&#8217;est moins !<\/a>, von Mathias Pl\u00fcss, 2023<\/li><\/ul>\t\t\t\t\t\t\t\t<\/div>\n\t\t\t\t<\/div>\n\t\t\t\t\t<\/div>\n\t\t\t\t<\/div>\n\t\t<div class=\"elementor-element elementor-element-0a97fc0 e-flex e-con-boxed e-con e-parent\" data-id=\"0a97fc0\" data-element_type=\"container\" data-e-type=\"container\">\n\t\t\t\t\t<div class=\"e-con-inner\">\n\t\t\t\t<div class=\"elementor-element elementor-element-51a02c0 elementor-widget elementor-widget-text-editor\" data-id=\"51a02c0\" data-element_type=\"widget\" data-e-type=\"widget\" data-widget_type=\"text-editor.default\">\n\t\t\t\t<div class=\"elementor-widget-container\">\n\t\t\t\t\t\t\t\t\t<h5>Erschienen vor 2023<\/h5><ul><li><a href=\"https:\/\/gpclimat-fribourg.ch\/de\/buch-verlangsamen-oder-untergehen\/\" target=\"_blank\" rel=\"noopener\">Ralentir ou p\u00e9rir<\/a>, von <span class=\"author notFaded\" data-width=\"\">Timoth\u00e9e Parrique, 2022<\/span><\/li><li><a href=\"https:\/\/gpclimat-fribourg.ch\/de\/buch-ungehorsam-fuer-die-erde\/\" target=\"_blank\" rel=\"noopener\">D\u00e9sob\u00e9ir pour la terre \u2013 D\u00e9fense de l&#8217;\u00e9tat de n\u00e9cessit\u00e9<\/a>, von Dominique Bourg, Cl\u00e9mence Demay und Brian Favre, 2021<\/li><li><a href=\"https:\/\/gpclimat-fribourg.ch\/de\/buch-man-bringt-die-kinder-schon-um\/\" target=\"_blank\" rel=\"noopener\">On ach\u00e8ve bien les enfants<\/a>, von Fabien Lebrun, 2020<\/li><li><a href=\"https:\/\/gpclimat-fribourg.ch\/de\/buch-aus-dem-hamsterrad-der-konsumgesellschaft\/\" target=\"_blank\" rel=\"noopener\">Vers la sobri\u00e9t\u00e9 heureuse<\/a>, von Pierre Rabhi, 2013<\/li><\/ul>\t\t\t\t\t\t\t\t<\/div>\n\t\t\t\t<\/div>\n\t\t\t\t\t<\/div>\n\t\t\t\t<\/div>\n\t\t\t\t<\/div>\n\t\t","protected":false},"excerpt":{"rendered":"<p>B\u00fccher Erschienen 2025 L&#8217;\u00e9cologie est une science, von S\u00e9bastien Barot, 2025 Cultiver l&#8217;utopie, von Catherine Choffat, 2025 Le long combat des a\u00een\u00e9es pour le climat, von Sevan Pearson, 2025 M\u00e9taMorphoses, [&hellip;]<\/p>\n","protected":false},"author":1,"featured_media":0,"parent":5340,"menu_order":0,"comment_status":"closed","ping_status":"closed","template":"","meta":{"_acf_changed":false,"footnotes":""},"class_list":["post-5549","page","type-page","status-publish","hentry"],"acf":[],"_links":{"self":[{"href":"https:\/\/gpclimat-fribourg.ch\/de\/wp-json\/wp\/v2\/pages\/5549","targetHints":{"allow":["GET"]}}],"collection":[{"href":"https:\/\/gpclimat-fribourg.ch\/de\/wp-json\/wp\/v2\/pages"}],"about":[{"href":"https:\/\/gpclimat-fribourg.ch\/de\/wp-json\/wp\/v2\/types\/page"}],"author":[{"embeddable":true,"href":"https:\/\/gpclimat-fribourg.ch\/de\/wp-json\/wp\/v2\/users\/1"}],"replies":[{"embeddable":true,"href":"https:\/\/gpclimat-fribourg.ch\/de\/wp-json\/wp\/v2\/comments?post=5549"}],"version-history":[{"count":1,"href":"https:\/\/gpclimat-fribourg.ch\/de\/wp-json\/wp\/v2\/pages\/5549\/revisions"}],"predecessor-version":[{"id":5550,"href":"https:\/\/gpclimat-fribourg.ch\/de\/wp-json\/wp\/v2\/pages\/5549\/revisions\/5550"}],"up":[{"embeddable":true,"href":"https:\/\/gpclimat-fribourg.ch\/de\/wp-json\/wp\/v2\/pages\/5340"}],"wp:attachment":[{"href":"https:\/\/gpclimat-fribourg.ch\/de\/wp-json\/wp\/v2\/media?parent=5549"}],"curies":[{"name":"wp","href":"https:\/\/api.w.org\/{rel}","templated":true}]}}