{"id":5535,"date":"2024-11-06T09:35:09","date_gmt":"2024-11-06T08:35:09","guid":{"rendered":"https:\/\/gpclimat-fribourg.ch\/dokumente-fotos-links\/dokumente\/"},"modified":"2026-04-19T23:19:33","modified_gmt":"2026-04-19T21:19:33","slug":"dokumente","status":"publish","type":"page","link":"https:\/\/gpclimat-fribourg.ch\/de\/dokumente-fotos-links\/dokumente\/","title":{"rendered":"Dokumente"},"content":{"rendered":"\t\t<div data-elementor-type=\"wp-page\" data-elementor-id=\"5535\" class=\"elementor elementor-5535 elementor-15\" data-elementor-post-type=\"page\">\n\t\t\t\t<div class=\"elementor-element elementor-element-21d7a12 e-flex e-con-boxed e-con e-parent\" data-id=\"21d7a12\" data-element_type=\"container\" data-e-type=\"container\">\n\t\t\t\t\t<div class=\"e-con-inner\">\n\t\t\t\t<div class=\"elementor-element elementor-element-ea60d2f elementor-widget__width-initial elementor-widget elementor-widget-heading\" data-id=\"ea60d2f\" data-element_type=\"widget\" data-e-type=\"widget\" data-widget_type=\"heading.default\">\n\t\t\t\t<div class=\"elementor-widget-container\">\n\t\t\t\t\t<h1 class=\"elementor-heading-title elementor-size-default\">Dokumente<\/h1>\t\t\t\t<\/div>\n\t\t\t\t<\/div>\n\t\t\t\t<div class=\"elementor-element elementor-element-f5baa3c elementor-widget__width-initial elementor-widget elementor-widget-shortcode\" data-id=\"f5baa3c\" data-element_type=\"widget\" data-e-type=\"widget\" data-widget_type=\"shortcode.default\">\n\t\t\t\t<div class=\"elementor-widget-container\">\n\t\t\t\t\t\t\t<div class=\"elementor-shortcode\"><nav aria-label=\"breadcrumbs\" class=\"rank-math-breadcrumb\"><p><span class=\"last\">Page d&#039;accueil<\/span><\/p><\/nav><\/div>\n\t\t\t\t\t\t<\/div>\n\t\t\t\t<\/div>\n\t\t\t\t\t<\/div>\n\t\t\t\t<\/div>\n\t\t<div class=\"elementor-element elementor-element-d49c4bc e-flex e-con-boxed e-con e-parent\" data-id=\"d49c4bc\" data-element_type=\"container\" data-e-type=\"container\">\n\t\t\t\t\t<div class=\"e-con-inner\">\n\t\t<div class=\"elementor-element elementor-element-d2257c9 e-grid e-con-full e-con e-child\" data-id=\"d2257c9\" data-element_type=\"container\" data-e-type=\"container\">\n\t\t\t\t<div class=\"elementor-element elementor-element-aec3713 elementor-widget__width-inherit elementor-widget elementor-widget-heading\" data-id=\"aec3713\" data-element_type=\"widget\" data-e-type=\"widget\" data-widget_type=\"heading.default\">\n\t\t\t\t<div class=\"elementor-widget-container\">\n\t\t\t\t\t<h2 class=\"elementor-heading-title elementor-size-default\">\u00dcberwachung der Klimapolitik<\/h2>\t\t\t\t<\/div>\n\t\t\t\t<\/div>\n\t\t\t\t<\/div>\n\t\t<div class=\"elementor-element elementor-element-6c560ee e-grid e-con-full e-con e-child\" data-id=\"6c560ee\" data-element_type=\"container\" data-e-type=\"container\">\n\t\t\t\t<div class=\"elementor-element elementor-element-817c37a elementor-widget elementor-widget-text-editor\" data-id=\"817c37a\" data-element_type=\"widget\" data-e-type=\"widget\" data-widget_type=\"text-editor.default\">\n\t\t\t\t<div class=\"elementor-widget-container\">\n\t\t\t\t\t\t\t\t\t<p><strong>Das Wei\u00dfbuch zur Klimapolitik des Kantons Freiburg<\/strong><\/p><p><em>Im Februar 2026 aktualisierte Version<\/em><\/p><p><a href=\"https:\/\/gpclimat-fribourg.ch\/wp-content\/uploads\/2026\/02\/2026_02-LivreBlanc.pdf\" target=\"_blank\" rel=\"noopener\">Dokument ansehen<\/a><\/p>\t\t\t\t\t\t\t\t<\/div>\n\t\t\t\t<\/div>\n\t\t\t\t<div class=\"elementor-element elementor-element-a20d928 elementor-widget elementor-widget-text-editor\" data-id=\"a20d928\" data-element_type=\"widget\" data-e-type=\"widget\" data-widget_type=\"text-editor.default\">\n\t\t\t\t<div class=\"elementor-widget-container\">\n\t\t\t\t\t\t\t\t\t<p><strong>CO2-Bilanz oder CO2-Budget: Wie ist der Stand auf kantonaler Ebene?<\/strong><\/p><p>PowerPoint-Pr\u00e4sentation, erstellt im Jahr 2025 von der Gruppe \u201e\u00dcberwachung der Klimapolitik\u201c<\/p><p><a href=\"https:\/\/gpclimat-fribourg.ch\/wp-content\/uploads\/2025\/11\/2025_BudgetCarbone_JMader.pdf\" target=\"_blank\" rel=\"noopener\">Dokument ansehen<\/a><\/p>\t\t\t\t\t\t\t\t<\/div>\n\t\t\t\t<\/div>\n\t\t\t\t<\/div>\n\t\t\t\t\t<\/div>\n\t\t\t\t<\/div>\n\t\t<div class=\"elementor-element elementor-element-e38ca40 e-flex e-con-boxed e-con e-parent\" data-id=\"e38ca40\" data-element_type=\"container\" data-e-type=\"container\">\n\t\t\t\t\t<div class=\"e-con-inner\">\n\t\t<div class=\"elementor-element elementor-element-887e216 e-grid e-con-full e-con e-child\" data-id=\"887e216\" data-element_type=\"container\" data-e-type=\"container\">\n\t\t\t\t<div class=\"elementor-element elementor-element-e7d45b9 elementor-widget elementor-widget-text-editor\" data-id=\"e7d45b9\" data-element_type=\"widget\" data-e-type=\"widget\" data-widget_type=\"text-editor.default\">\n\t\t\t\t<div class=\"elementor-widget-container\">\n\t\t\t\t\t\t\t\t\t<p><strong>Das Neueste an Klima-Informationen<\/strong><\/p><p>Kennen Sie <em>Climate Update<\/em>? Es ist eine w\u00f6chentliche \u00dcbersicht \u00fcber alle Aspekte der Klimakrise in der Schweiz und weltweit. Jede Woche werden Dutzende von Artikeln aus Medien weltweit, in mehreren Sprachen, in Rubriken wie Auswirkungen, Ursachen, Politik, Wirtschaft usw. zusammengefasst. Sie k\u00f6nnen es auf der Website <a href=\"http:\/\/Klima-info.ch\" target=\"_blank\" rel=\"noopener\">Klima-info.ch<\/a> kostenlos abonnieren. Wir empfehlen es Ihnen w\u00e4rmstens.   <\/p>\t\t\t\t\t\t\t\t<\/div>\n\t\t\t\t<\/div>\n\t\t\t\t<\/div>\n\t\t<div class=\"elementor-element elementor-element-31a8c6c e-grid e-con-full e-con e-child\" data-id=\"31a8c6c\" data-element_type=\"container\" data-e-type=\"container\">\n\t\t\t\t<div class=\"elementor-element elementor-element-48c445d elementor-widget__width-inherit elementor-widget elementor-widget-heading\" data-id=\"48c445d\" data-element_type=\"widget\" data-e-type=\"widget\" data-widget_type=\"heading.default\">\n\t\t\t\t<div class=\"elementor-widget-container\">\n\t\t\t\t\t<h2 class=\"elementor-heading-title elementor-size-default\">Pr\u00e4sentationen und Vortr\u00e4ge<\/h2>\t\t\t\t<\/div>\n\t\t\t\t<\/div>\n\t\t\t\t<\/div>\n\t\t<div class=\"elementor-element elementor-element-357f562 e-grid e-con-full e-con e-child\" data-id=\"357f562\" data-element_type=\"container\" data-e-type=\"container\">\n\t\t\t\t<div class=\"elementor-element elementor-element-f596d56 elementor-widget elementor-widget-text-editor\" data-id=\"f596d56\" data-element_type=\"widget\" data-e-type=\"widget\" data-widget_type=\"text-editor.default\">\n\t\t\t\t<div class=\"elementor-widget-container\">\n\t\t\t\t\t\t\t\t\t<p><strong>Globale Erw\u00e4rmung und Landwirtschaft: Welche Herausforderungen gibt es?<\/strong><\/p><p>Pr\u00e4sentation von Valentine Python, Klimatologin (Dr. EPFL), Geografin und HEFP-Dozentin, anl\u00e4sslich der Konferenz vom 20. November 2025.<\/p><p><a href=\"https:\/\/gpclimat-fribourg.ch\/de\/event\/konferenz-die-herausforderungen-der-landwirtschaft-angesichts-des-klimawandels\/\">Dokumente auf der Veranstaltungsseite verf\u00fcgbar<\/a><\/p>\t\t\t\t\t\t\t\t<\/div>\n\t\t\t\t<\/div>\n\t\t\t\t<div class=\"elementor-element elementor-element-62fe3f2 elementor-widget elementor-widget-text-editor\" data-id=\"62fe3f2\" data-element_type=\"widget\" data-e-type=\"widget\" data-widget_type=\"text-editor.default\">\n\t\t\t\t<div class=\"elementor-widget-container\">\n\t\t\t\t\t\t\t\t\t<p><strong>\u00d6ko-Angst \u2013 Ein vor\u00fcbergehendes Problem f\u00fcr sensible Jugendliche oder ein dringendes Lebenszeichen f\u00fcr eine lebenswerte Zukunft?<\/strong><\/p><p>Pr\u00e4sentation von Dr. Patrick Haemmerli, Kinder- und Jugendpsychiater, anl\u00e4sslich der Konferenz vom 11. November 2024.<\/p><p><a href=\"https:\/\/gpclimat-fribourg.ch\/de\/event\/konferenz-ueber-oeko-angst\/\">Dokumente auf der Veranstaltungsseite verf\u00fcgbar<\/a><\/p>\t\t\t\t\t\t\t\t<\/div>\n\t\t\t\t<\/div>\n\t\t\t\t<div class=\"elementor-element elementor-element-074292c elementor-widget elementor-widget-text-editor\" data-id=\"074292c\" data-element_type=\"widget\" data-e-type=\"widget\" data-widget_type=\"text-editor.default\">\n\t\t\t\t<div class=\"elementor-widget-container\">\n\t\t\t\t\t\t\t\t\t<p><strong>Die Robustheit des Lebendigen: Gegenmittel zum Leistungskult<\/strong><\/p><p>Vortrag von Olivier Hamant am 10. November 2025, in Zusammenarbeit mit Architekten f\u00fcr das Klima und mit Unterst\u00fctzung der Eltern f\u00fcr das Klima Freiburg<\/p><p><a href=\"https:\/\/gpclimat-fribourg.ch\/de\/event\/vortrag-die-robustheit-des-lebendigen-gegenmittel-gegen-den-kult-der-leistung\/\" target=\"_blank\" rel=\"noopener\">Dokumente auf der Veranstaltungsseite verf\u00fcgbar<\/a><\/p>\t\t\t\t\t\t\t\t<\/div>\n\t\t\t\t<\/div>\n\t\t\t\t<\/div>\n\t\t\t\t\t<\/div>\n\t\t\t\t<\/div>\n\t\t<div class=\"elementor-element elementor-element-71b3614 e-flex e-con-boxed e-con e-parent\" data-id=\"71b3614\" data-element_type=\"container\" data-e-type=\"container\">\n\t\t\t\t\t<div class=\"e-con-inner\">\n\t\t<div class=\"elementor-element elementor-element-11f6ee5 e-grid e-con-full e-con e-child\" data-id=\"11f6ee5\" data-element_type=\"container\" data-e-type=\"container\">\n\t\t\t\t<div class=\"elementor-element elementor-element-f800974 elementor-widget__width-inherit elementor-widget elementor-widget-heading\" data-id=\"f800974\" data-element_type=\"widget\" data-e-type=\"widget\" data-widget_type=\"heading.default\">\n\t\t\t\t<div class=\"elementor-widget-container\">\n\t\t\t\t\t<h2 class=\"elementor-heading-title elementor-size-default\">Verschiedene Leitf\u00e4den und Publikationen<\/h2>\t\t\t\t<\/div>\n\t\t\t\t<\/div>\n\t\t\t\t<\/div>\n\t\t<div class=\"elementor-element elementor-element-b6fc44c e-grid e-con-full e-con e-child\" data-id=\"b6fc44c\" data-element_type=\"container\" data-e-type=\"container\">\n\t\t\t\t<div class=\"elementor-element elementor-element-c7755cd elementor-widget elementor-widget-text-editor\" data-id=\"c7755cd\" data-element_type=\"widget\" data-e-type=\"widget\" data-widget_type=\"text-editor.default\">\n\t\t\t\t<div class=\"elementor-widget-container\">\n\t\t\t\t\t\t\t\t\t<p><strong>Leitfaden f\u00fcr ethische Digitalisierung<\/strong><\/p><p>Unsere Kollegen der Gro\u00dfeltern f\u00fcr das Klima Genf haben ihren \u201eLeitfaden f\u00fcr ethische Digitalisierung\u201c unter Einbeziehung von KI aktualisiert.<\/p><p><a href=\"https:\/\/gpclimat-ge.ch\/2022\/09\/12\/numerique-ethique-les-grands-parents-passent-a-lacte\/?utm_source=mailpoet&amp;utm_medium=email&amp;utm_source_platform=mailpoet\" target=\"_blank\" rel=\"noopener\">Link zur entsprechenden Seite<\/a><\/p>\t\t\t\t\t\t\t\t<\/div>\n\t\t\t\t<\/div>\n\t\t\t\t<div class=\"elementor-element elementor-element-0b214ff elementor-widget elementor-widget-text-editor\" data-id=\"0b214ff\" data-element_type=\"widget\" data-e-type=\"widget\" data-widget_type=\"text-editor.default\">\n\t\t\t\t<div class=\"elementor-widget-container\">\n\t\t\t\t\t\t\t\t\t<p><strong>Das Webmagazin des Bundesamtes f\u00fcr Umwelt BAFU<\/strong><\/p><p>Ein offizielles und kostenloses Magazin mit regelm\u00e4\u00dfigen interessanten Artikeln zu Themen, die uns am Herzen liegen.<\/p><p><a href=\"https:\/\/lenvironnement.ch\/\" target=\"_blank\" rel=\"noopener\">Link zur entsprechenden Seite<\/a><\/p>\t\t\t\t\t\t\t\t<\/div>\n\t\t\t\t<\/div>\n\t\t\t\t<div class=\"elementor-element elementor-element-daec20e elementor-widget elementor-widget-text-editor\" data-id=\"daec20e\" data-element_type=\"widget\" data-e-type=\"widget\" data-widget_type=\"text-editor.default\">\n\t\t\t\t<div class=\"elementor-widget-container\">\n\t\t\t\t\t\t\t\t\t<p><strong>Themendossier \u201eSuffizienz \u2013 Weniger ist mehr\u201c <\/strong><\/p><p>Von Education21. <a href=\"https:\/\/education21.ch\/fr\/dossiers-thematiques\/sobriete\" target=\"_blank\" rel=\"noopener\">Link zur entsprechenden Seite<\/a> oder <a href=\"https:\/\/gpclimat-fribourg.ch\/wp-content\/uploads\/2025\/12\/2024_DossierSobrieteEducation21.pdf\" target=\"_blank\" rel=\"noopener\">PDF-Version<\/a><\/p>\t\t\t\t\t\t\t\t<\/div>\n\t\t\t\t<\/div>\n\t\t\t\t<\/div>\n\t\t\t\t\t<\/div>\n\t\t\t\t<\/div>\n\t\t\t\t<\/div>\n\t\t","protected":false},"excerpt":{"rendered":"<p>Dokumente \u00dcberwachung der Klimapolitik Das Wei\u00dfbuch zur Klimapolitik des Kantons Freiburg Im Februar 2026 aktualisierte Version Dokument ansehen CO2-Bilanz oder CO2-Budget: Wie ist der Stand auf kantonaler Ebene? PowerPoint-Pr\u00e4sentation, erstellt [&hellip;]<\/p>\n","protected":false},"author":1,"featured_media":0,"parent":5340,"menu_order":0,"comment_status":"closed","ping_status":"closed","template":"","meta":{"_acf_changed":false,"footnotes":""},"class_list":["post-5535","page","type-page","status-publish","hentry"],"acf":[],"_links":{"self":[{"href":"https:\/\/gpclimat-fribourg.ch\/de\/wp-json\/wp\/v2\/pages\/5535","targetHints":{"allow":["GET"]}}],"collection":[{"href":"https:\/\/gpclimat-fribourg.ch\/de\/wp-json\/wp\/v2\/pages"}],"about":[{"href":"https:\/\/gpclimat-fribourg.ch\/de\/wp-json\/wp\/v2\/types\/page"}],"author":[{"embeddable":true,"href":"https:\/\/gpclimat-fribourg.ch\/de\/wp-json\/wp\/v2\/users\/1"}],"replies":[{"embeddable":true,"href":"https:\/\/gpclimat-fribourg.ch\/de\/wp-json\/wp\/v2\/comments?post=5535"}],"version-history":[{"count":1,"href":"https:\/\/gpclimat-fribourg.ch\/de\/wp-json\/wp\/v2\/pages\/5535\/revisions"}],"predecessor-version":[{"id":5536,"href":"https:\/\/gpclimat-fribourg.ch\/de\/wp-json\/wp\/v2\/pages\/5535\/revisions\/5536"}],"up":[{"embeddable":true,"href":"https:\/\/gpclimat-fribourg.ch\/de\/wp-json\/wp\/v2\/pages\/5340"}],"wp:attachment":[{"href":"https:\/\/gpclimat-fribourg.ch\/de\/wp-json\/wp\/v2\/media?parent=5535"}],"curies":[{"name":"wp","href":"https:\/\/api.w.org\/{rel}","templated":true}]}}