{"id":5464,"date":"2024-11-05T08:54:17","date_gmt":"2024-11-05T07:54:17","guid":{"rendered":"https:\/\/gpclimat-fribourg.ch\/startseite\/"},"modified":"2026-04-19T23:16:23","modified_gmt":"2026-04-19T21:16:23","slug":"startseite","status":"publish","type":"page","link":"https:\/\/gpclimat-fribourg.ch\/de\/","title":{"rendered":"Startseite"},"content":{"rendered":"\t\t<div data-elementor-type=\"wp-page\" data-elementor-id=\"5464\" class=\"elementor elementor-5464 elementor-2\" data-elementor-post-type=\"page\">\n\t\t\t\t<div class=\"elementor-element elementor-element-50192e1 animated-slow e-flex e-con-boxed elementor-invisible e-con e-parent\" data-id=\"50192e1\" data-element_type=\"container\" data-e-type=\"container\" data-settings=\"{&quot;animation&quot;:&quot;fadeIn&quot;,&quot;background_background&quot;:&quot;classic&quot;}\">\n\t\t\t\t\t<div class=\"e-con-inner\">\n\t\t<div class=\"elementor-element elementor-element-9fc9b07 e-con-full e-flex e-con e-child\" data-id=\"9fc9b07\" data-element_type=\"container\" data-e-type=\"container\" data-settings=\"{&quot;background_background&quot;:&quot;classic&quot;}\">\n\t\t\t\t<\/div>\n\t\t<div class=\"elementor-element elementor-element-fd5ef7f e-con-full e-flex elementor-invisible e-con e-child\" data-id=\"fd5ef7f\" data-element_type=\"container\" data-e-type=\"container\" data-settings=\"{&quot;animation&quot;:&quot;fadeIn&quot;}\">\n\t\t\t\t<div class=\"elementor-element elementor-element-f400260 elementor-widget__width-inherit elementor-widget elementor-widget-heading\" data-id=\"f400260\" data-element_type=\"widget\" data-e-type=\"widget\" data-widget_type=\"heading.default\">\n\t\t\t\t<div class=\"elementor-widget-container\">\n\t\t\t\t\t<h1 class=\"elementor-heading-title elementor-size-default\">Grosseltern f\u00fcr das Klima<\/h1>\t\t\t\t<\/div>\n\t\t\t\t<\/div>\n\t\t\t\t<div class=\"elementor-element elementor-element-cb811a8 elementor-widget elementor-widget-text-editor\" data-id=\"cb811a8\" data-element_type=\"widget\" data-e-type=\"widget\" data-widget_type=\"text-editor.default\">\n\t\t\t\t<div class=\"elementor-widget-container\">\n\t\t\t\t\t\t\t\t\t<p>Die Schweizer Bewegung \u201eGro\u00dfeltern f\u00fcr das Klima\u201c wurde ins Leben gerufen, um Gro\u00dfeltern und allen am Klima interessierten Personen eine Stimme zu geben, welches unsere Nachkommen erben werden.<\/p><p>Ob Sie ein Spezialist f\u00fcr den Klimawandel sind oder gerade erst beginnen, seine Auswirkungen auf unsere Enkelkinder zu verstehen \u2013 unsere Bewegung betrifft Sie.<\/p><p>Die Bewegung ist unabh\u00e4ngig von politischen Parteien. Sie ist als gemeinn\u00fctzig anerkannt.<\/p>\t\t\t\t\t\t\t\t<\/div>\n\t\t\t\t<\/div>\n\t\t\t\t<div class=\"elementor-element elementor-element-644f7a4 elementor-align-justify elementor-widget-tablet__width-initial elementor-widget elementor-widget-button\" data-id=\"644f7a4\" data-element_type=\"widget\" data-e-type=\"widget\" data-widget_type=\"button.default\">\n\t\t\t\t<div class=\"elementor-widget-container\">\n\t\t\t\t\t\t\t\t\t<div class=\"elementor-button-wrapper\">\n\t\t\t\t\t<a class=\"elementor-button elementor-button-link elementor-size-sm\" href=\"https:\/\/gpclimat-fribourg.ch\/de\/agenda\/\">\n\t\t\t\t\t\t<span class=\"elementor-button-content-wrapper\">\n\t\t\t\t\t\t\t\t\t<span class=\"elementor-button-text\">N\u00e4chste Veranstaltungen (Agenda)<\/span>\n\t\t\t\t\t<\/span>\n\t\t\t\t\t<\/a>\n\t\t\t\t<\/div>\n\t\t\t\t\t\t\t\t<\/div>\n\t\t\t\t<\/div>\n\t\t\t\t<div class=\"elementor-element elementor-element-0763bfc elementor-align-center elementor-widget-tablet__width-initial elementor-widget elementor-widget-button\" data-id=\"0763bfc\" data-element_type=\"widget\" data-e-type=\"widget\" data-widget_type=\"button.default\">\n\t\t\t\t<div class=\"elementor-widget-container\">\n\t\t\t\t\t\t\t\t\t<div class=\"elementor-button-wrapper\">\n\t\t\t\t\t<a class=\"elementor-button elementor-button-link elementor-size-sm\" href=\"https:\/\/gpclimat-fribourg.ch\/de\/die-newsletter\/\" target=\"_blank\">\n\t\t\t\t\t\t<span class=\"elementor-button-content-wrapper\">\n\t\t\t\t\t\t\t\t\t<span class=\"elementor-button-text\">Newsletter<\/span>\n\t\t\t\t\t<\/span>\n\t\t\t\t\t<\/a>\n\t\t\t\t<\/div>\n\t\t\t\t\t\t\t\t<\/div>\n\t\t\t\t<\/div>\n\t\t\t\t<\/div>\n\t\t\t\t\t<\/div>\n\t\t\t\t<\/div>\n\t\t<div class=\"elementor-element elementor-element-dffde0c e-flex e-con-boxed e-con e-parent\" data-id=\"dffde0c\" data-element_type=\"container\" data-e-type=\"container\">\n\t\t\t\t\t<div class=\"e-con-inner\">\n\t\t\t\t<div class=\"elementor-element elementor-element-72cb13f elementor-widget elementor-widget-text-editor\" data-id=\"72cb13f\" data-element_type=\"widget\" data-e-type=\"widget\" data-widget_type=\"text-editor.default\">\n\t\t\t\t<div class=\"elementor-widget-container\">\n\t\t\t\t\t\t\t\t\t<p><em><strong>Hinweis:<\/strong><\/em><\/p><p><em>Diese Website ersetzt seit dem 28. Januar 2026 unseren alten Blog. <\/em><br><em>Die deutsche Version wird zu einem sp\u00e4teren Zeitpunkt verf\u00fcgbar sein. <\/em><\/p>\t\t\t\t\t\t\t\t<\/div>\n\t\t\t\t<\/div>\n\t\t\t\t\t<\/div>\n\t\t\t\t<\/div>\n\t\t<div class=\"elementor-element elementor-element-1370938 e-flex e-con-boxed e-con e-parent\" data-id=\"1370938\" data-element_type=\"container\" data-e-type=\"container\">\n\t\t\t\t\t<div class=\"e-con-inner\">\n\t\t\t\t<div class=\"elementor-element elementor-element-f82cc33 elementor-widget__width-inherit elementor-widget elementor-widget-heading\" data-id=\"f82cc33\" data-element_type=\"widget\" data-e-type=\"widget\" data-widget_type=\"heading.default\">\n\t\t\t\t<div class=\"elementor-widget-container\">\n\t\t\t\t\t<h3 class=\"elementor-heading-title elementor-size-default\">Aktuelles<\/h3>\t\t\t\t<\/div>\n\t\t\t\t<\/div>\n\t\t\t\t<div class=\"elementor-element elementor-element-ca88613 elementor-grid-3 elementor-grid-tablet-2 elementor-grid-mobile-1 elementor-widget elementor-widget-loop-grid\" data-id=\"ca88613\" data-element_type=\"widget\" data-e-type=\"widget\" data-settings=\"{&quot;template_id&quot;:5682,&quot;columns&quot;:3,&quot;_skin&quot;:&quot;post&quot;,&quot;columns_tablet&quot;:&quot;2&quot;,&quot;columns_mobile&quot;:&quot;1&quot;,&quot;edit_handle_selector&quot;:&quot;[data-elementor-type=\\&quot;loop-item\\&quot;]&quot;,&quot;row_gap&quot;:{&quot;unit&quot;:&quot;px&quot;,&quot;size&quot;:&quot;&quot;,&quot;sizes&quot;:[]},&quot;row_gap_tablet&quot;:{&quot;unit&quot;:&quot;px&quot;,&quot;size&quot;:&quot;&quot;,&quot;sizes&quot;:[]},&quot;row_gap_mobile&quot;:{&quot;unit&quot;:&quot;px&quot;,&quot;size&quot;:&quot;&quot;,&quot;sizes&quot;:[]}}\" data-widget_type=\"loop-grid.post\">\n\t\t\t\t<div class=\"elementor-widget-container\">\n\t\t\t\t\t\t\t<div class=\"elementor-loop-container elementor-grid\" role=\"list\">\n\t\t<style id=\"loop-5682\">.elementor-5682 .elementor-element.elementor-element-4a648ea{--display:flex;--gap:0px 0px;--row-gap:0px;--column-gap:0px;--background-transition:0.3s;--border-radius:1em 1em 1em 1em;--padding-top:0px;--padding-bottom:0px;--padding-left:0px;--padding-right:0px;}.elementor-5682 .elementor-element.elementor-element-4a648ea:not(.elementor-motion-effects-element-type-background), .elementor-5682 .elementor-element.elementor-element-4a648ea > .elementor-motion-effects-container > .elementor-motion-effects-layer{background-color:var( --e-global-color-primary );}.elementor-5682 .elementor-element.elementor-element-4a648ea:hover{background-color:#016175E8;}.elementor-5682 .elementor-element.elementor-element-269dd04{--display:flex;--flex-direction:column;--container-widget-width:100%;--container-widget-height:initial;--container-widget-flex-grow:0;--container-widget-align-self:initial;--flex-wrap-mobile:wrap;--padding-top:4%;--padding-bottom:4%;--padding-left:2%;--padding-right:2%;}<\/style>\t\t<div data-elementor-type=\"loop-item\" data-elementor-id=\"5682\" class=\"elementor elementor-5682 elementor-384 elementor-384 e-loop-item e-loop-item-5224 post-5224 actualite type-actualite status-publish has-post-thumbnail hentry\" data-elementor-post-type=\"elementor_library\" data-custom-edit-handle=\"1\">\n\t\t\t<a class=\"elementor-element elementor-element-4a648ea e-flex e-con-boxed e-con e-parent\" data-id=\"4a648ea\" data-element_type=\"container\" data-e-type=\"container\" data-settings=\"{&quot;background_background&quot;:&quot;classic&quot;}\" href=\"https:\/\/gpclimat-fribourg.ch\/?p=5224\">\n\t\t\t\t\t<div class=\"e-con-inner\">\n\t\t<div class=\"elementor-element elementor-element-269dd04 e-con-full e-flex e-con e-child\" data-id=\"269dd04\" data-element_type=\"container\" data-e-type=\"container\">\n\t\t\t\t<div class=\"elementor-element elementor-element-c55ce92 elementor-widget elementor-widget-theme-post-featured-image elementor-widget-image\" data-id=\"c55ce92\" data-element_type=\"widget\" data-e-type=\"widget\" data-widget_type=\"theme-post-featured-image.default\">\n\t\t\t\t<div class=\"elementor-widget-container\">\n\t\t\t\t\t\t\t\t\t\t\t\t\t\t\t<img fetchpriority=\"high\" decoding=\"async\" width=\"279\" height=\"181\" src=\"https:\/\/gpclimat-fribourg.ch\/wp-content\/uploads\/2026\/03\/Vote.jpg\" class=\"attachment-full size-full wp-image-5230\" alt=\"\" \/>\t\t\t\t\t\t\t\t\t\t\t\t\t\t\t<\/div>\n\t\t\t\t<\/div>\n\t\t\t\t<div class=\"elementor-element elementor-element-8ef446a elementor-widget elementor-widget-theme-post-title elementor-page-title elementor-widget-heading\" data-id=\"8ef446a\" data-element_type=\"widget\" data-e-type=\"widget\" data-widget_type=\"theme-post-title.default\">\n\t\t\t\t<div class=\"elementor-widget-container\">\n\t\t\t\t\t<h3 class=\"elementor-heading-title elementor-size-default\">Votation du 26 avril 2026 &#8211; Un NON \u00e9cologiste \u00e0 la LAFE (et au PAFE)<\/h3>\t\t\t\t<\/div>\n\t\t\t\t<\/div>\n\t\t\t\t<div class=\"elementor-element elementor-element-a6ada74 elementor-widget elementor-widget-theme-post-excerpt\" data-id=\"a6ada74\" data-element_type=\"widget\" data-e-type=\"widget\" data-widget_type=\"theme-post-excerpt.default\">\n\t\t\t\t<div class=\"elementor-widget-container\">\n\t\t\t\t\t<p>Un NON \u00e9cologiste \u00e0 la LAFE (et au PAFE) Nous avons d\u00e9j\u00e0 parl\u00e9 du PAFE (Plan d\u2019assainissement des finances de...\t\t\t\t<\/p><\/div>\n\t\t\t\t<\/div>\n\t\t\t\t<div class=\"elementor-element elementor-element-de2db5b elementor-widget elementor-widget-read-more\" data-id=\"de2db5b\" data-element_type=\"widget\" data-e-type=\"widget\" data-widget_type=\"read-more.default\">\n\t\t\t\t<div class=\"elementor-widget-container\">\n\t\t\t\t\t<\/div><\/div><\/div><\/div><\/a><\/div> <a href=\"https:\/\/gpclimat-fribourg.ch\/?p=5224#more-5224\" class=\"more-link elementor-more-link\"><span aria-label=\"Votation du 26 avril 2026 &#8211; Un NON \u00e9cologiste \u00e0 la LAFE (et au PAFE) weiterlesen\">Mehr erfahren <\/span><\/a>\t\t<div data-elementor-type=\"loop-item\" data-elementor-id=\"5682\" class=\"elementor elementor-5682 elementor-384 elementor-384 e-loop-item e-loop-item-5209 post-5209 actualite type-actualite status-publish has-post-thumbnail hentry\" data-elementor-post-type=\"elementor_library\" data-custom-edit-handle=\"1\">\n\t\t\t<a class=\"elementor-element elementor-element-4a648ea e-flex e-con-boxed e-con e-parent\" data-id=\"4a648ea\" data-element_type=\"container\" data-e-type=\"container\" data-settings=\"{&quot;background_background&quot;:&quot;classic&quot;}\" href=\"https:\/\/gpclimat-fribourg.ch\/?p=5209\">\n\t\t\t\t\t<div class=\"e-con-inner\">\n\t\t<div class=\"elementor-element elementor-element-269dd04 e-con-full e-flex e-con e-child\" data-id=\"269dd04\" data-element_type=\"container\" data-e-type=\"container\">\n\t\t\t\t<div class=\"elementor-element elementor-element-c55ce92 elementor-widget elementor-widget-theme-post-featured-image elementor-widget-image\" data-id=\"c55ce92\" data-element_type=\"widget\" data-e-type=\"widget\" data-widget_type=\"theme-post-featured-image.default\">\n\t\t\t\t<div class=\"elementor-widget-container\">\n\t\t\t\t\t\t\t\t\t\t\t\t\t\t\t<img decoding=\"async\" width=\"355\" height=\"186\" src=\"https:\/\/gpclimat-fribourg.ch\/wp-content\/uploads\/2026\/03\/RevueDurable.png\" class=\"attachment-full size-full wp-image-5215\" alt=\"\" srcset=\"https:\/\/gpclimat-fribourg.ch\/wp-content\/uploads\/2026\/03\/RevueDurable.png 355w, https:\/\/gpclimat-fribourg.ch\/wp-content\/uploads\/2026\/03\/RevueDurable-300x157.png 300w\" sizes=\"(max-width: 355px) 100vw, 355px\" \/>\t\t\t\t\t\t\t\t\t\t\t\t\t\t\t<\/div>\n\t\t\t\t<\/div>\n\t\t\t\t<div class=\"elementor-element elementor-element-8ef446a elementor-widget elementor-widget-theme-post-title elementor-page-title elementor-widget-heading\" data-id=\"8ef446a\" data-element_type=\"widget\" data-e-type=\"widget\" data-widget_type=\"theme-post-title.default\">\n\t\t\t\t<div class=\"elementor-widget-container\">\n\t\t\t\t\t<h3 class=\"elementor-heading-title elementor-size-default\">Dernier num\u00e9ro de &#8222;La Revue Durable&#8220;<\/h3>\t\t\t\t<\/div>\n\t\t\t\t<\/div>\n\t\t\t\t<div class=\"elementor-element elementor-element-a6ada74 elementor-widget elementor-widget-theme-post-excerpt\" data-id=\"a6ada74\" data-element_type=\"widget\" data-e-type=\"widget\" data-widget_type=\"theme-post-excerpt.default\">\n\t\t\t\t<div class=\"elementor-widget-container\">\n\t\t\t\t\t<p>Dernier num\u00e9ro de &#8222;La Revue Durable&#8220; Ce titre surprenant est pourtant une r\u00e9alit\u00e9 : Le dernier num\u00e9ro que La Revue...\t\t\t\t<\/p><\/div>\n\t\t\t\t<\/div>\n\t\t\t\t<div class=\"elementor-element elementor-element-de2db5b elementor-widget elementor-widget-read-more\" data-id=\"de2db5b\" data-element_type=\"widget\" data-e-type=\"widget\" data-widget_type=\"read-more.default\">\n\t\t\t\t<div class=\"elementor-widget-container\">\n\t\t\t\t\t<\/div><\/div><\/div><\/div><\/a><\/div> <a href=\"https:\/\/gpclimat-fribourg.ch\/?p=5209#more-5209\" class=\"more-link elementor-more-link\"><span aria-label=\"Dernier num\u00e9ro de &#8222;La Revue Durable&#8220; weiterlesen\">Mehr erfahren <\/span><\/a>\t\t<div data-elementor-type=\"loop-item\" data-elementor-id=\"5682\" class=\"elementor elementor-5682 elementor-384 elementor-384 e-loop-item e-loop-item-4880 post-4880 actualite type-actualite status-publish has-post-thumbnail hentry\" data-elementor-post-type=\"elementor_library\" data-custom-edit-handle=\"1\">\n\t\t\t<a class=\"elementor-element elementor-element-4a648ea e-flex e-con-boxed e-con e-parent\" data-id=\"4a648ea\" data-element_type=\"container\" data-e-type=\"container\" data-settings=\"{&quot;background_background&quot;:&quot;classic&quot;}\" href=\"https:\/\/gpclimat-fribourg.ch\/?p=4880\">\n\t\t\t\t\t<div class=\"e-con-inner\">\n\t\t<div class=\"elementor-element elementor-element-269dd04 e-con-full e-flex e-con e-child\" data-id=\"269dd04\" data-element_type=\"container\" data-e-type=\"container\">\n\t\t\t\t<div class=\"elementor-element elementor-element-c55ce92 elementor-widget elementor-widget-theme-post-featured-image elementor-widget-image\" data-id=\"c55ce92\" data-element_type=\"widget\" data-e-type=\"widget\" data-widget_type=\"theme-post-featured-image.default\">\n\t\t\t\t<div class=\"elementor-widget-container\">\n\t\t\t\t\t\t\t\t\t\t\t\t\t\t\t<img decoding=\"async\" width=\"725\" height=\"300\" src=\"https:\/\/gpclimat-fribourg.ch\/wp-content\/uploads\/2026\/02\/PFAS_Danger.png\" class=\"attachment-full size-full wp-image-4882\" alt=\"\" srcset=\"https:\/\/gpclimat-fribourg.ch\/wp-content\/uploads\/2026\/02\/PFAS_Danger.png 725w, https:\/\/gpclimat-fribourg.ch\/wp-content\/uploads\/2026\/02\/PFAS_Danger-300x124.png 300w\" sizes=\"(max-width: 725px) 100vw, 725px\" \/>\t\t\t\t\t\t\t\t\t\t\t\t\t\t\t<\/div>\n\t\t\t\t<\/div>\n\t\t\t\t<div class=\"elementor-element elementor-element-8ef446a elementor-widget elementor-widget-theme-post-title elementor-page-title elementor-widget-heading\" data-id=\"8ef446a\" data-element_type=\"widget\" data-e-type=\"widget\" data-widget_type=\"theme-post-title.default\">\n\t\t\t\t<div class=\"elementor-widget-container\">\n\t\t\t\t\t<h3 class=\"elementor-heading-title elementor-size-default\">Agissons contre les PFAS !<\/h3>\t\t\t\t<\/div>\n\t\t\t\t<\/div>\n\t\t\t\t<div class=\"elementor-element elementor-element-a6ada74 elementor-widget elementor-widget-theme-post-excerpt\" data-id=\"a6ada74\" data-element_type=\"widget\" data-e-type=\"widget\" data-widget_type=\"theme-post-excerpt.default\">\n\t\t\t\t<div class=\"elementor-widget-container\">\n\t\t\t\t\t<p>Nous agissons aussi contre les PFAS. Signons la p\u00e9tition ! Les r\u00e9v\u00e9lations sur les PFAS, ces polluants \u00e9ternels, sont de...\t\t\t\t<\/p><\/div>\n\t\t\t\t<\/div>\n\t\t\t\t<div class=\"elementor-element elementor-element-de2db5b elementor-widget elementor-widget-read-more\" data-id=\"de2db5b\" data-element_type=\"widget\" data-e-type=\"widget\" data-widget_type=\"read-more.default\">\n\t\t\t\t<div class=\"elementor-widget-container\">\n\t\t\t\t\t<\/div><\/div><\/div><\/div><\/a><\/div> <a href=\"https:\/\/gpclimat-fribourg.ch\/?p=4880#more-4880\" class=\"more-link elementor-more-link\"><span aria-label=\"Agissons contre les PFAS ! weiterlesen\">Mehr erfahren <\/span><\/a>\t\t<\/div>\n\t\t\n\t\t\t\t\t\t<\/div>\n\t\t\t\t<\/div>\n\t\t\t\t<div class=\"elementor-element elementor-element-51b7e8a elementor-align-right elementor-widget elementor-widget-button\" data-id=\"51b7e8a\" data-element_type=\"widget\" data-e-type=\"widget\" data-widget_type=\"button.default\">\n\t\t\t\t<div class=\"elementor-widget-container\">\n\t\t\t\t\t\t\t\t\t<div class=\"elementor-button-wrapper\">\n\t\t\t\t\t<a class=\"elementor-button elementor-button-link elementor-size-sm\" href=\"https:\/\/gpclimat-fribourg.ch\/de\/aktuelles\/\">\n\t\t\t\t\t\t<span class=\"elementor-button-content-wrapper\">\n\t\t\t\t\t\t<span class=\"elementor-button-icon\">\n\t\t\t\t<svg aria-hidden=\"true\" class=\"e-font-icon-svg e-fas-arrow-right\" viewBox=\"0 0 448 512\" xmlns=\"http:\/\/www.w3.org\/2000\/svg\"><path d=\"M190.5 66.9l22.2-22.2c9.4-9.4 24.6-9.4 33.9 0L441 239c9.4 9.4 9.4 24.6 0 33.9L246.6 467.3c-9.4 9.4-24.6 9.4-33.9 0l-22.2-22.2c-9.5-9.5-9.3-25 .4-34.3L311.4 296H24c-13.3 0-24-10.7-24-24v-32c0-13.3 10.7-24 24-24h287.4L190.9 101.2c-9.8-9.3-10-24.8-.4-34.3z\"><\/path><\/svg>\t\t\t<\/span>\n\t\t\t\t\t\t\t\t\t<span class=\"elementor-button-text\">Alle Nachrichten ansehen<\/span>\n\t\t\t\t\t<\/span>\n\t\t\t\t\t<\/a>\n\t\t\t\t<\/div>\n\t\t\t\t\t\t\t\t<\/div>\n\t\t\t\t<\/div>\n\t\t\t\t\t<\/div>\n\t\t\t\t<\/div>\n\t\t<div class=\"elementor-element elementor-element-2f2fe31 e-flex e-con-boxed e-con e-parent\" data-id=\"2f2fe31\" data-element_type=\"container\" data-e-type=\"container\" data-settings=\"{&quot;background_background&quot;:&quot;classic&quot;}\">\n\t\t\t\t\t<div class=\"e-con-inner\">\n\t\t<a class=\"elementor-element elementor-element-2082900 e-con-full oval-card e-flex elementor-invisible e-con e-child\" data-id=\"2082900\" data-element_type=\"container\" data-e-type=\"container\" data-settings=\"{&quot;background_background&quot;:&quot;classic&quot;,&quot;animation&quot;:&quot;fadeInUp&quot;,&quot;animation_delay&quot;:300}\" href=\"https:\/\/gpclimat-fribourg.ch\/engagements\/\">\n\t\t\t\t<div class=\"elementor-element elementor-element-416fa08 elementor-widget elementor-widget-heading\" data-id=\"416fa08\" data-element_type=\"widget\" data-e-type=\"widget\" data-widget_type=\"heading.default\">\n\t\t\t\t<div class=\"elementor-widget-container\">\n\t\t\t\t\t<h3 class=\"elementor-heading-title elementor-size-default\">Unsere Engagements <\/h3>\t\t\t\t<\/div>\n\t\t\t\t<\/div>\n\t\t\t\t<div class=\"elementor-element elementor-element-eb7ac74 elementor-widget elementor-widget-text-editor\" data-id=\"eb7ac74\" data-element_type=\"widget\" data-e-type=\"widget\" data-widget_type=\"text-editor.default\">\n\t\t\t\t<div class=\"elementor-widget-container\">\n\t\t\t\t\t\t\t\t\t<div class=\"page\" title=\"Seite 1\"><div class=\"section\"><div class=\"layoutArea\"><div class=\"column\"><p>6 Themenbereiche<\/p><\/div><\/div><\/div><\/div>\t\t\t\t\t\t\t\t<\/div>\n\t\t\t\t<\/div>\n\t\t\t\t<\/a>\n\t\t<div class=\"elementor-element elementor-element-ce89edf e-con-full oval-card e-flex elementor-invisible e-con e-child\" data-id=\"ce89edf\" data-element_type=\"container\" data-e-type=\"container\" data-settings=\"{&quot;background_background&quot;:&quot;classic&quot;,&quot;animation&quot;:&quot;fadeInUp&quot;,&quot;animation_delay&quot;:200}\">\n\t\t\t\t<div class=\"elementor-element elementor-element-78a7abf elementor-widget elementor-widget-heading\" data-id=\"78a7abf\" data-element_type=\"widget\" data-e-type=\"widget\" data-widget_type=\"heading.default\">\n\t\t\t\t<div class=\"elementor-widget-container\">\n\t\t\t\t\t<h3 class=\"elementor-heading-title elementor-size-default\">Beobachtung der Klimapolitik<\/h3>\t\t\t\t<\/div>\n\t\t\t\t<\/div>\n\t\t\t\t<div class=\"elementor-element elementor-element-c36057b elementor-widget elementor-widget-text-editor\" data-id=\"c36057b\" data-element_type=\"widget\" data-e-type=\"widget\" data-widget_type=\"text-editor.default\">\n\t\t\t\t<div class=\"elementor-widget-container\">\n\t\t\t\t\t\t\t\t\t<p><a href=\"https:\/\/gpclimat-fribourg.ch\/wp-content\/uploads\/2026\/02\/2026_02-LivreBlanc.pdf\" target=\"_blank\" rel=\"noopener\">Weissbuch<\/a><\/p><p><a href=\"https:\/\/gpclimat-fribourg.ch\/wp-content\/uploads\/2025\/11\/2025_BudgetCarbone_JMader.pdf\" target=\"_blank\" rel=\"noopener\">Kohlenstoffbilanz oder Kohlenstoffbudget? Wie sieht es auf kantonaler Ebene aus?<\/a><\/p>\t\t\t\t\t\t\t\t<\/div>\n\t\t\t\t<\/div>\n\t\t\t\t<\/div>\n\t\t<div class=\"elementor-element elementor-element-7a0101e e-con-full oval-card e-flex elementor-invisible e-con e-child\" data-id=\"7a0101e\" data-element_type=\"container\" data-e-type=\"container\" data-settings=\"{&quot;background_background&quot;:&quot;classic&quot;,&quot;animation&quot;:&quot;fadeInUp&quot;,&quot;animation_delay&quot;:300}\">\n\t\t\t\t<div class=\"elementor-element elementor-element-63de34a elementor-widget elementor-widget-heading\" data-id=\"63de34a\" data-element_type=\"widget\" data-e-type=\"widget\" data-widget_type=\"heading.default\">\n\t\t\t\t<div class=\"elementor-widget-container\">\n\t\t\t\t\t<h3 class=\"elementor-heading-title elementor-size-default\">Generationen\u00fcbergreifende Aktionen<\/h3>\t\t\t\t<\/div>\n\t\t\t\t<\/div>\n\t\t\t\t<div class=\"elementor-element elementor-element-2e53370 elementor-widget elementor-widget-text-editor\" data-id=\"2e53370\" data-element_type=\"widget\" data-e-type=\"widget\" data-widget_type=\"text-editor.default\">\n\t\t\t\t<div class=\"elementor-widget-container\">\n\t\t\t\t\t\t\t\t\t<p><a href=\"https:\/\/gpclimat-fribourg.ch\/engagements\/participation\/catalogue\/\">Katalog<\/a><\/p>\t\t\t\t\t\t\t\t<\/div>\n\t\t\t\t<\/div>\n\t\t\t\t<\/div>\n\t\t\t\t\t<\/div>\n\t\t\t\t<\/div>\n\t\t<div class=\"elementor-element elementor-element-ba0dc47 e-flex e-con-boxed e-con e-parent\" data-id=\"ba0dc47\" data-element_type=\"container\" data-e-type=\"container\">\n\t\t\t\t\t<div class=\"e-con-inner\">\n\t\t\t\t<div class=\"elementor-element elementor-element-4a717f8 elementor-widget elementor-widget-button\" data-id=\"4a717f8\" data-element_type=\"widget\" data-e-type=\"widget\" data-widget_type=\"button.default\">\n\t\t\t\t<div class=\"elementor-widget-container\">\n\t\t\t\t\t\t\t\t\t<div class=\"elementor-button-wrapper\">\n\t\t\t\t\t<a class=\"elementor-button elementor-button-link elementor-size-sm\" href=\"https:\/\/www.gpclimat.ch\/fr\/\" target=\"_blank\" rel=\"noopener\">\n\t\t\t\t\t\t<span class=\"elementor-button-content-wrapper\">\n\t\t\t\t\t\t\t\t\t<span class=\"elementor-button-text\">Nationale Website der Grosseltern f\u00fcr das Klima<\/span>\n\t\t\t\t\t<\/span>\n\t\t\t\t\t<\/a>\n\t\t\t\t<\/div>\n\t\t\t\t\t\t\t\t<\/div>\n\t\t\t\t<\/div>\n\t\t\t\t<div class=\"elementor-element elementor-element-57aeaec elementor-widget elementor-widget-button\" data-id=\"57aeaec\" data-element_type=\"widget\" data-e-type=\"widget\" data-widget_type=\"button.default\">\n\t\t\t\t<div class=\"elementor-widget-container\">\n\t\t\t\t\t\t\t\t\t<div class=\"elementor-button-wrapper\">\n\t\t\t\t\t<a class=\"elementor-button elementor-button-link elementor-size-sm\" href=\"https:\/\/gpclimat-fribourg.blogspot.com\/\" target=\"_blank\" rel=\"noopener\">\n\t\t\t\t\t\t<span class=\"elementor-button-content-wrapper\">\n\t\t\t\t\t\t\t\t\t<span class=\"elementor-button-text\">Unser alter Blog<\/span>\n\t\t\t\t\t<\/span>\n\t\t\t\t\t<\/a>\n\t\t\t\t<\/div>\n\t\t\t\t\t\t\t\t<\/div>\n\t\t\t\t<\/div>\n\t\t\t\t\t<\/div>\n\t\t\t\t<\/div>\n\t\t\t\t<\/div>\n\t\t","protected":false},"excerpt":{"rendered":"<p>Grosseltern f\u00fcr das Klima Die Schweizer Bewegung \u201eGro\u00dfeltern f\u00fcr das Klima\u201c wurde ins Leben gerufen, um Gro\u00dfeltern und allen am Klima interessierten Personen eine Stimme zu geben, welches unsere Nachkommen [&hellip;]<\/p>\n","protected":false},"author":1,"featured_media":0,"parent":0,"menu_order":0,"comment_status":"closed","ping_status":"closed","template":"","meta":{"_acf_changed":false,"footnotes":""},"class_list":["post-5464","page","type-page","status-publish","hentry"],"acf":[],"_links":{"self":[{"href":"https:\/\/gpclimat-fribourg.ch\/de\/wp-json\/wp\/v2\/pages\/5464","targetHints":{"allow":["GET"]}}],"collection":[{"href":"https:\/\/gpclimat-fribourg.ch\/de\/wp-json\/wp\/v2\/pages"}],"about":[{"href":"https:\/\/gpclimat-fribourg.ch\/de\/wp-json\/wp\/v2\/types\/page"}],"author":[{"embeddable":true,"href":"https:\/\/gpclimat-fribourg.ch\/de\/wp-json\/wp\/v2\/users\/1"}],"replies":[{"embeddable":true,"href":"https:\/\/gpclimat-fribourg.ch\/de\/wp-json\/wp\/v2\/comments?post=5464"}],"version-history":[{"count":1,"href":"https:\/\/gpclimat-fribourg.ch\/de\/wp-json\/wp\/v2\/pages\/5464\/revisions"}],"predecessor-version":[{"id":5473,"href":"https:\/\/gpclimat-fribourg.ch\/de\/wp-json\/wp\/v2\/pages\/5464\/revisions\/5473"}],"wp:attachment":[{"href":"https:\/\/gpclimat-fribourg.ch\/de\/wp-json\/wp\/v2\/media?parent=5464"}],"curies":[{"name":"wp","href":"https:\/\/api.w.org\/{rel}","templated":true}]}}